{"id":632,"date":"2021-09-11T08:11:58","date_gmt":"2021-09-11T06:11:58","guid":{"rendered":"http:\/\/2021.uniresta.com\/?page_id=632"},"modified":"2026-01-16T10:27:36","modified_gmt":"2026-01-16T09:27:36","slug":"privacy-policy","status":"publish","type":"page","link":"https:\/\/uniresta.com\/de\/privacy-policy\/","title":{"rendered":"Datenschutzerkl\u00e4rung"},"content":{"rendered":"<div data-elementor-type=\"wp-page\" data-elementor-id=\"632\" class=\"elementor elementor-632\" data-elementor-post-type=\"page\">\n\t\t\t\t\t\t\t\t\t<section class=\"elementor-section elementor-top-section elementor-element elementor-element-f932c33 elementor-section-boxed elementor-section-height-default elementor-section-height-default\" data-id=\"f932c33\" data-element_type=\"section\">\n\t\t\t\t\t\t<div class=\"elementor-container elementor-column-gap-default\">\n\t\t\t\t\t<div class=\"elementor-column elementor-col-100 elementor-top-column elementor-element elementor-element-142c1bd\" data-id=\"142c1bd\" data-element_type=\"column\">\n\t\t\t<div class=\"elementor-widget-wrap elementor-element-populated\">\n\t\t\t\t\t\t\t\t<div class=\"elementor-element elementor-element-370ed08 elementor-widget-divider--view-line elementor-widget elementor-widget-divider\" data-id=\"370ed08\" data-element_type=\"widget\" data-widget_type=\"divider.default\">\n\t\t\t\t<div class=\"elementor-widget-container\">\n\t\t\t\t\t<div class=\"elementor-divider\">\n\t\t\t<span class=\"elementor-divider-separator\">\n\t\t\t\t\t\t<\/span>\n\t\t<\/div>\n\t\t\t\t<\/div>\n\t\t\t\t<\/div>\n\t\t\t\t<div class=\"elementor-element elementor-element-538e97d elementor-invisible elementor-widget elementor-widget-text-editor\" data-id=\"538e97d\" data-element_type=\"widget\" data-settings=\"{&quot;_animation&quot;:&quot;fadeIn&quot;}\" data-widget_type=\"text-editor.default\">\n\t\t\t\t<div class=\"elementor-widget-container\">\n\t\t\t\t\t\t\t<p data-start=\"536\" data-end=\"569\"><b>1. Datenschutz auf einen Blick<\/b><\/p>\n<p data-start=\"571\" data-end=\"596\">Allgemeine Hinweise<\/p>\n<p data-start=\"597\" data-end=\"836\">Die folgenden Hinweise geben einen einfachen \u00dcberblick dar\u00fcber, was mit Ihren personenbezogenen Daten passiert, wenn Sie unsere Website besuchen. Personenbezogene Daten sind alle Daten, mit denen Sie pers\u00f6nlich identifiziert werden k\u00f6nnen.<\/p>\n<p data-start=\"838\" data-end=\"959\">Ausf\u00fchrliche Informationen zum Thema Datenschutz entnehmen Sie den nachfolgenden Abschnitten dieser Datenschutzerkl\u00e4rung.<\/p>\n<hr data-start=\"961\" data-end=\"964\">\n<p data-start=\"966\" data-end=\"994\"><b>2. Verantwortliche Stelle<\/b><\/p>\n<p data-start=\"996\" data-end=\"1060\">Verantwortlich f\u00fcr die Datenverarbeitung auf dieser Website ist:<\/p>\n<p data-start=\"1062\" data-end=\"1209\"><strong data-start=\"1062\" data-end=\"1097\">Uniresta Capital Investors GmbH<\/strong><br data-start=\"1097\" data-end=\"1100\">Victor D. Mellul (Gesch\u00e4ftsf\u00fchrer)<br data-start=\"1152\" data-end=\"1155\">Gr\u00fcneburgweg 101<br data-start=\"1171\" data-end=\"1174\">60323 Frankfurt am Main<br data-start=\"1197\" data-end=\"1200\">Germany<\/p>\n<p data-start=\"1211\" data-end=\"1268\">Telefon: +49 69 97 67 79 00<br data-start=\"1238\" data-end=\"1241\">E-Mail: <a class=\"decorated-link cursor-pointer\" rel=\"noopener\" data-start=\"1249\" data-end=\"1266\">info@uniresta.com<\/a><\/p>\n<p data-start=\"1270\" data-end=\"1455\">Verantwortliche Stelle ist die nat\u00fcrliche oder juristische Person, die allein oder gemeinsam mit anderen \u00fcber die Zwecke und Mittel der Verarbeitung personenbezogener Daten entscheidet.<\/p>\n<hr data-start=\"1457\" data-end=\"1460\">\n<p data-start=\"1462\" data-end=\"1502\"><b>3. Datenerfassung auf unserer Website<\/b><\/p>\n<p data-start=\"1504\" data-end=\"1553\">3.1 Besuch der Website \/ Server-Log-Dateien<\/p>\n<p data-start=\"1554\" data-end=\"1749\">Beim Aufruf unserer Website erhebt und speichert der Hosting-Provider automatisch Informationen in sogenannten Server-Log-Dateien, die Ihr Browser automatisch \u00fcbermittelt. Dies sind insbesondere:<\/p>\n<ul data-start=\"1751\" data-end=\"1926\">\n<li data-start=\"1751\" data-end=\"1784\">\n<p data-start=\"1753\" data-end=\"1784\">Browsertyp und Browserversion<\/p>\n<\/li>\n<li data-start=\"1785\" data-end=\"1815\">\n<p data-start=\"1787\" data-end=\"1815\">verwendetes Betriebssystem<\/p>\n<\/li>\n<li data-start=\"1816\" data-end=\"1832\">\n<p data-start=\"1818\" data-end=\"1832\">Referrer-URL<\/p>\n<\/li>\n<li data-start=\"1833\" data-end=\"1871\">\n<p data-start=\"1835\" data-end=\"1871\">Hostname des zugreifenden Rechners<\/p>\n<\/li>\n<li data-start=\"1872\" data-end=\"1911\">\n<p data-start=\"1874\" data-end=\"1911\">Datum und Uhrzeit der Serveranfrage<\/p>\n<\/li>\n<li data-start=\"1912\" data-end=\"1926\">\n<p data-start=\"1914\" data-end=\"1926\">IP-Adresse<\/p>\n<\/li>\n<\/ul>\n<p data-start=\"1928\" data-end=\"2006\">Eine Zusammenf\u00fchrung dieser Daten mit anderen Datenquellen findet nicht statt.<\/p>\n<p data-start=\"2008\" data-end=\"2265\">Die Erfassung dieser Daten erfolgt auf Grundlage von <strong data-start=\"2061\" data-end=\"2091\">Art. 6 Abs. 1 lit. f DSGVO<\/strong>. Der Websitebetreiber hat ein berechtigtes Interesse an der technisch fehlerfreien Darstellung und der Optimierung der Website sowie an der Gew\u00e4hrleistung der IT-Sicherheit.<\/p>\n<hr data-start=\"2267\" data-end=\"2270\">\n<p data-start=\"2272\" data-end=\"2289\">3.2 Cookies<\/p>\n<p data-start=\"2290\" data-end=\"2429\">Unsere Website verwendet Cookies. Cookies sind kleine Textdateien, die auf Ihrem Endger\u00e4t gespeichert werden und die Ihr Browser speichert.<\/p>\n<p data-start=\"2431\" data-end=\"2736\">Cookies dienen dazu, unser Angebot nutzerfreundlicher, effektiver und sicherer zu machen. Die meisten der von uns verwendeten Cookies sind sogenannte <strong data-start=\"2581\" data-end=\"2600\">Session-Cookies<\/strong>, die nach Ende Ihres Besuchs automatisch gel\u00f6scht werden. Andere Cookies bleiben auf Ihrem Endger\u00e4t gespeichert, bis Sie diese l\u00f6schen.<\/p>\n<p data-start=\"2738\" data-end=\"2755\">Rechtsgrundlagen:<\/p>\n<ul data-start=\"2756\" data-end=\"2922\">\n<li data-start=\"2756\" data-end=\"2820\">\n<p data-start=\"2758\" data-end=\"2820\"><strong data-start=\"2758\" data-end=\"2791\">Technisch notwendige Cookies:<\/strong> Art. 6 Abs. 1 lit. f DSGVO<\/p>\n<\/li>\n<li data-start=\"2821\" data-end=\"2922\">\n<p data-start=\"2823\" data-end=\"2922\"><strong data-start=\"2823\" data-end=\"2880\">Optionale Cookies (z. B. Analyse, sofern eingesetzt):<\/strong> Art. 6 Abs. 1 lit. a DSGVO (Einwilligung)<\/p>\n<\/li>\n<\/ul>\n<p data-start=\"2924\" data-end=\"3175\">Sie k\u00f6nnen Ihren Browser so einstellen, dass Sie \u00fcber das Setzen von Cookies informiert werden, Cookies nur im Einzelfall erlauben oder generell ausschlie\u00dfen. Bei der Deaktivierung von Cookies kann die Funktionalit\u00e4t dieser Website eingeschr\u00e4nkt sein.<\/p>\n<hr data-start=\"3177\" data-end=\"3180\">\n<p data-start=\"3182\" data-end=\"3231\">3.3 Kontaktaufnahme per E-Mail oder Telefon<\/p>\n<p data-start=\"3232\" data-end=\"3483\">Wenn Sie uns per E-Mail oder telefonisch kontaktieren, werden die von Ihnen \u00fcbermittelten personenbezogenen Daten (z. B. Name, E-Mail-Adresse, Inhalt der Anfrage) zum Zwecke der Bearbeitung der Anfrage und f\u00fcr den Fall von Anschlussfragen gespeichert.<\/p>\n<p data-start=\"3485\" data-end=\"3541\">Die Verarbeitung dieser Daten erfolgt auf Grundlage von:<\/p>\n<ul data-start=\"3542\" data-end=\"3734\">\n<li data-start=\"3542\" data-end=\"3676\">\n<p data-start=\"3544\" data-end=\"3676\"><strong data-start=\"3544\" data-end=\"3574\">Art. 6 Abs. 1 lit. b DSGVO<\/strong>, sofern Ihre Anfrage mit der Erf\u00fcllung eines Vertrags oder vorvertraglicher Ma\u00dfnahmen zusammenh\u00e4ngt<\/p>\n<\/li>\n<li data-start=\"3677\" data-end=\"3734\">\n<p data-start=\"3679\" data-end=\"3734\"><strong data-start=\"3679\" data-end=\"3709\">Art. 6 Abs. 1 lit. f DSGVO<\/strong> bei allgemeinen Anfragen<\/p>\n<\/li>\n<\/ul>\n<p data-start=\"3736\" data-end=\"3794\">Diese Daten geben wir nicht ohne Ihre Einwilligung weiter.<\/p>\n<hr data-start=\"3796\" data-end=\"3799\">\n<p data-start=\"3801\" data-end=\"3838\"><b>4. Analyse-Tools und Drittanbieter<\/b><\/p>\n<p data-start=\"3840\" data-end=\"3877\">4.1 Analyse- und Tracking-Tools<\/p>\n<p data-start=\"3878\" data-end=\"4033\">Derzeit setzen wir <strong data-start=\"3897\" data-end=\"3953\">keine personenbezogenen Analyse- oder Tracking-Tools<\/strong> ein, die eine Zuordnung des Nutzerverhaltens zu einzelnen Personen erm\u00f6glichen.<\/p>\n<p data-start=\"4035\" data-end=\"4279\">Sollten k\u00fcnftig Analyse- oder Tracking-Tools eingesetzt werden, erfolgt dies ausschlie\u00dflich auf Grundlage einer vorherigen Einwilligung gem\u00e4\u00df <strong data-start=\"4177\" data-end=\"4207\">Art. 6 Abs. 1 lit. a DSGVO<\/strong>. Diese Datenschutzerkl\u00e4rung wird in diesem Fall entsprechend angepasst.<\/p>\n<hr data-start=\"4281\" data-end=\"4284\">\n<p data-start=\"4286\" data-end=\"4312\">4.2 Google Web Fonts<\/p>\n<p data-start=\"4313\" data-end=\"4446\">Diese Website nutzt zur einheitlichen Darstellung von Schriftarten sogenannte Google Web Fonts, die von Google bereitgestellt werden.<\/p>\n<p data-start=\"4448\" data-end=\"4727\">Beim Aufruf einer Seite l\u00e4dt Ihr Browser die ben\u00f6tigten Web Fonts in den Browsercache. Hierzu muss der von Ihnen verwendete Browser Verbindung zu Servern von Google aufnehmen. Dabei kann Google Kenntnis dar\u00fcber erlangen, dass \u00fcber Ihre IP-Adresse unsere Website aufgerufen wurde.<\/p>\n<p data-start=\"4729\" data-end=\"4937\">Die Nutzung von Google Web Fonts erfolgt auf Grundlage von <strong data-start=\"4788\" data-end=\"4818\">Art. 6 Abs. 1 lit. f DSGVO<\/strong>. Der Websitebetreiber hat ein berechtigtes Interesse an einer einheitlichen und ansprechenden Darstellung der Website.<\/p>\n<p data-start=\"4939\" data-end=\"4978\">Weitere Informationen finden Sie unter:<\/p>\n<ul data-start=\"4979\" data-end=\"5065\">\n<li data-start=\"4979\" data-end=\"5022\">\n<p data-start=\"4981\" data-end=\"5022\"><a class=\"decorated-link\" href=\"https:\/\/developers.google.com\/fonts\/faq\" target=\"_new\" rel=\"noopener\" data-start=\"4981\" data-end=\"5020\">https:\/\/developers.google.com\/fonts\/faq<\/a><\/p>\n<\/li>\n<li data-start=\"5023\" data-end=\"5065\">\n<p data-start=\"5025\" data-end=\"5065\"><a class=\"decorated-link\" href=\"https:\/\/www.google.com\/policies\/privacy\/\" target=\"_new\" rel=\"noopener\" data-start=\"5025\" data-end=\"5065\">https:\/\/www.google.com\/policies\/privacy\/<\/a><\/p>\n<\/li>\n<\/ul>\n<hr data-start=\"5067\" data-end=\"5070\">\n<p data-start=\"5072\" data-end=\"5099\"><b>5. Empf\u00e4nger von Daten<\/b><\/p>\n<p data-start=\"5100\" data-end=\"5204\">Eine \u00dcbermittlung Ihrer personenbezogenen Daten an Dritte findet grunds\u00e4tzlich nicht statt, es sei denn:<\/p>\n<ul data-start=\"5205\" data-end=\"5356\">\n<li data-start=\"5205\" data-end=\"5257\">\n<p data-start=\"5207\" data-end=\"5257\">dies ist gesetzlich zul\u00e4ssig oder vorgeschrieben<\/p>\n<\/li>\n<li data-start=\"5258\" data-end=\"5316\">\n<p data-start=\"5260\" data-end=\"5316\">die Weitergabe ist zur Vertragsabwicklung erforderlich<\/p>\n<\/li>\n<li data-start=\"5317\" data-end=\"5356\">\n<p data-start=\"5319\" data-end=\"5356\">Sie haben ausdr\u00fccklich eingewilligt<\/p>\n<\/li>\n<\/ul>\n<hr data-start=\"5358\" data-end=\"5361\">\n<p data-start=\"5363\" data-end=\"5384\"><b>6. Speicherdauer<\/b><\/p>\n<p data-start=\"5385\" data-end=\"5571\">Personenbezogene Daten werden nur so lange gespeichert, wie dies zur Erreichung der jeweiligen Verarbeitungszwecke erforderlich ist oder wie es gesetzliche Aufbewahrungsfristen vorsehen.<\/p>\n<p data-start=\"5573\" data-end=\"5682\">Nach Wegfall des Verarbeitungszwecks oder Ablauf gesetzlicher Fristen werden die Daten routinem\u00e4\u00dfig gel\u00f6scht.<\/p>\n<hr data-start=\"5684\" data-end=\"5687\">\n<p data-start=\"5689\" data-end=\"5728\"><b>7. Ihre Rechte als betroffene Person<\/b><\/p>\n<p data-start=\"5730\" data-end=\"5764\">Sie haben jederzeit das Recht auf:<\/p>\n<ul data-start=\"5765\" data-end=\"6050\">\n<li data-start=\"5765\" data-end=\"5801\">\n<p data-start=\"5767\" data-end=\"5801\"><strong data-start=\"5767\" data-end=\"5779\">Auskunft<\/strong> gem\u00e4\u00df Art. 15 DSGVO<\/p>\n<\/li>\n<li data-start=\"5802\" data-end=\"5842\">\n<p data-start=\"5804\" data-end=\"5842\"><strong data-start=\"5804\" data-end=\"5820\">Berichtigung<\/strong> gem\u00e4\u00df Art. 16 DSGVO<\/p>\n<\/li>\n<li data-start=\"5843\" data-end=\"5879\">\n<p data-start=\"5845\" data-end=\"5879\"><strong data-start=\"5845\" data-end=\"5857\">L\u00f6schung<\/strong> gem\u00e4\u00df Art. 17 DSGVO<\/p>\n<\/li>\n<li data-start=\"5880\" data-end=\"5938\">\n<p data-start=\"5882\" data-end=\"5938\"><strong data-start=\"5882\" data-end=\"5916\">Einschr\u00e4nkung der Verarbeitung<\/strong> gem\u00e4\u00df Art. 18 DSGVO<\/p>\n<\/li>\n<li data-start=\"5939\" data-end=\"5987\">\n<p data-start=\"5941\" data-end=\"5987\"><strong data-start=\"5941\" data-end=\"5965\">Daten\u00fcbertragbarkeit<\/strong> gem\u00e4\u00df Art. 20 DSGVO<\/p>\n<\/li>\n<li data-start=\"5988\" data-end=\"6050\">\n<p data-start=\"5990\" data-end=\"6050\"><strong data-start=\"5990\" data-end=\"6005\">Widerspruch<\/strong> gegen die Verarbeitung gem\u00e4\u00df Art. 21 DSGVO<\/p>\n<\/li>\n<\/ul>\n<p data-start=\"6052\" data-end=\"6172\">Hierzu sowie zu weiteren Fragen zum Datenschutz k\u00f6nnen Sie sich jederzeit an die im Impressum angegebene Adresse wenden.<\/p>\n<hr data-start=\"6174\" data-end=\"6177\">\n<p data-start=\"6179\" data-end=\"6214\"><b>8. Widerruf Ihrer Einwilligung<\/b><\/p>\n<p data-start=\"6215\" data-end=\"6465\">Viele Datenverarbeitungsvorg\u00e4nge sind nur mit Ihrer ausdr\u00fccklichen Einwilligung m\u00f6glich. Eine bereits erteilte Einwilligung k\u00f6nnen Sie jederzeit widerrufen. Die Rechtm\u00e4\u00dfigkeit der bis zum Widerruf erfolgten Datenverarbeitung bleibt hiervon unber\u00fchrt.<\/p>\n<hr data-start=\"6467\" data-end=\"6470\">\n<p data-start=\"6472\" data-end=\"6520\"><b>9. Beschwerderecht bei der Aufsichtsbeh\u00f6rde<\/b><\/p>\n<p data-start=\"6521\" data-end=\"6634\">Im Falle datenschutzrechtlicher Verst\u00f6\u00dfe steht Ihnen ein Beschwerderecht bei der zust\u00e4ndigen Aufsichtsbeh\u00f6rde zu.<\/p>\n<p data-start=\"6636\" data-end=\"6748\">Zust\u00e4ndige Aufsichtsbeh\u00f6rde ist der<br data-start=\"6671\" data-end=\"6674\"><strong data-start=\"6674\" data-end=\"6747\">Hessische Beauftragte f\u00fcr Datenschutz und Informationsfreiheit (HBDI)<\/strong>.<\/p>\n<hr data-start=\"6750\" data-end=\"6753\">\n<p data-start=\"6755\" data-end=\"6793\"><b>10. SSL- bzw. TLS-Verschl\u00fcsselung<\/b><\/p>\n<p data-start=\"6794\" data-end=\"6986\">Diese Website nutzt aus Sicherheitsgr\u00fcnden eine SSL- bzw. TLS-Verschl\u00fcsselung. Eine verschl\u00fcsselte Verbindung erkennen Sie an der \u201ehttps:\/\/\u201c-Adresszeile Ihres Browsers sowie am Schloss-Symbol.<\/p>\n<hr data-start=\"6988\" data-end=\"6991\">\n<p data-start=\"6993\" data-end=\"7033\"><b>11. Widerspruch gegen Werbe-E-Mails<\/b><\/p>\n<p data-start=\"7034\" data-end=\"7254\">Der Nutzung von im Rahmen der Impressumspflicht ver\u00f6ffentlichten Kontaktdaten zur \u00dcbersendung von nicht ausdr\u00fccklich angeforderter Werbung wird hiermit widersprochen. Rechtliche Schritte bleiben ausdr\u00fccklich vorbehalten.<\/p>\t\t\t\t\t\t<\/div>\n\t\t\t\t<\/div>\n\t\t\t\t\t<\/div>\n\t\t<\/div>\n\t\t\t\t\t\t\t<\/div>\n\t\t<\/section>\n\t\t\t\t\t\t\t<\/div>","protected":false},"excerpt":{"rendered":"<p>1. Datenschutz auf einen Blick Allgemeine Hinweise Die folgenden Hinweise geben einen einfachen \u00dcberblick dar\u00fcber, was mit Ihren personenbezogenen Daten passiert, wenn Sie unsere Website besuchen. Personenbezogene Daten sind alle Daten, mit denen Sie pers\u00f6nlich identifiziert werden k\u00f6nnen. Ausf\u00fchrliche Informationen zum Thema Datenschutz entnehmen Sie den nachfolgenden Abschnitten dieser Datenschutzerkl\u00e4rung. 2. Verantwortliche Stelle Verantwortlich f\u00fcr [&hellip;]<\/p>","protected":false},"author":1,"featured_media":0,"parent":0,"menu_order":0,"comment_status":"closed","ping_status":"closed","template":"elementor_header_footer","meta":{"_monsterinsights_skip_tracking":false,"_monsterinsights_sitenote_active":false,"_monsterinsights_sitenote_note":"","_monsterinsights_sitenote_category":0,"footnotes":""},"class_list":["post-632","page","type-page","status-publish","hentry"],"yoast_head":"<!-- This site is optimized with the Yoast SEO plugin v24.6 - https:\/\/yoast.com\/wordpress\/plugins\/seo\/ -->\n<title>Privacy Policy - Uniresta Capital Investors<\/title>\n<meta name=\"robots\" content=\"index, follow, max-snippet:-1, max-image-preview:large, max-video-preview:-1\" \/>\n<link rel=\"canonical\" href=\"https:\/\/uniresta.com\/de\/privacy-policy\/\" \/>\n<meta property=\"og:locale\" content=\"de_DE\" \/>\n<meta property=\"og:type\" content=\"article\" \/>\n<meta property=\"og:title\" content=\"Privacy Policy - Uniresta Capital Investors\" \/>\n<meta property=\"og:description\" content=\"1. Datenschutz auf einen Blick Allgemeine Hinweise Die folgenden Hinweise geben einen einfachen \u00dcberblick dar\u00fcber, was mit Ihren personenbezogenen Daten passiert, wenn Sie unsere Website besuchen. Personenbezogene Daten sind alle Daten, mit denen Sie pers\u00f6nlich identifiziert werden k\u00f6nnen. Ausf\u00fchrliche Informationen zum Thema Datenschutz entnehmen Sie den nachfolgenden Abschnitten dieser Datenschutzerkl\u00e4rung. 2. Verantwortliche Stelle Verantwortlich f\u00fcr [&hellip;]\" \/>\n<meta property=\"og:url\" content=\"https:\/\/uniresta.com\/de\/privacy-policy\/\" \/>\n<meta property=\"og:site_name\" content=\"Uniresta Capital Investors\" \/>\n<meta property=\"article:modified_time\" content=\"2026-01-16T09:27:36+00:00\" \/>\n<meta name=\"twitter:card\" content=\"summary_large_image\" \/>\n<meta name=\"twitter:label1\" content=\"Gesch\u00e4tzte Lesezeit\" \/>\n\t<meta name=\"twitter:data1\" content=\"4\u00a0Minuten\" \/>\n<script type=\"application\/ld+json\" class=\"yoast-schema-graph\">{\"@context\":\"https:\/\/schema.org\",\"@graph\":[{\"@type\":\"WebPage\",\"@id\":\"https:\/\/uniresta.com\/privacy-policy\/\",\"url\":\"https:\/\/uniresta.com\/privacy-policy\/\",\"name\":\"Privacy Policy - Uniresta Capital Investors\",\"isPartOf\":{\"@id\":\"https:\/\/uniresta.com\/#website\"},\"datePublished\":\"2021-09-11T06:11:58+00:00\",\"dateModified\":\"2026-01-16T09:27:36+00:00\",\"breadcrumb\":{\"@id\":\"https:\/\/uniresta.com\/privacy-policy\/#breadcrumb\"},\"inLanguage\":\"de\",\"potentialAction\":[{\"@type\":\"ReadAction\",\"target\":[\"https:\/\/uniresta.com\/privacy-policy\/\"]}]},{\"@type\":\"BreadcrumbList\",\"@id\":\"https:\/\/uniresta.com\/privacy-policy\/#breadcrumb\",\"itemListElement\":[{\"@type\":\"ListItem\",\"position\":1,\"name\":\"Home\",\"item\":\"https:\/\/uniresta.com\/\"},{\"@type\":\"ListItem\",\"position\":2,\"name\":\"Privacy Policy\"}]},{\"@type\":\"WebSite\",\"@id\":\"https:\/\/uniresta.com\/#website\",\"url\":\"https:\/\/uniresta.com\/\",\"name\":\"Uniresta Capital Investors\",\"description\":\"Immobilieninvestments mit Substanz, Struktur und Verantwortung\",\"publisher\":{\"@id\":\"https:\/\/uniresta.com\/#organization\"},\"potentialAction\":[{\"@type\":\"SearchAction\",\"target\":{\"@type\":\"EntryPoint\",\"urlTemplate\":\"https:\/\/uniresta.com\/?s={search_term_string}\"},\"query-input\":{\"@type\":\"PropertyValueSpecification\",\"valueRequired\":true,\"valueName\":\"search_term_string\"}}],\"inLanguage\":\"de\"},{\"@type\":\"Organization\",\"@id\":\"https:\/\/uniresta.com\/#organization\",\"name\":\"Uniresta Capital Investors\",\"url\":\"https:\/\/uniresta.com\/\",\"logo\":{\"@type\":\"ImageObject\",\"inLanguage\":\"de\",\"@id\":\"https:\/\/uniresta.com\/#\/schema\/logo\/image\/\",\"url\":\"https:\/\/uniresta.com\/wp-content\/uploads\/2021\/09\/Logo@2x.png\",\"contentUrl\":\"https:\/\/uniresta.com\/wp-content\/uploads\/2021\/09\/Logo@2x.png\",\"width\":839,\"height\":169,\"caption\":\"Uniresta Capital Investors\"},\"image\":{\"@id\":\"https:\/\/uniresta.com\/#\/schema\/logo\/image\/\"}}]}<\/script>\n<!-- \/ Yoast SEO plugin. -->","yoast_head_json":{"title":"Privacy Policy - Uniresta Capital Investors","robots":{"index":"index","follow":"follow","max-snippet":"max-snippet:-1","max-image-preview":"max-image-preview:large","max-video-preview":"max-video-preview:-1"},"canonical":"https:\/\/uniresta.com\/de\/privacy-policy\/","og_locale":"de_DE","og_type":"article","og_title":"Privacy Policy - Uniresta Capital Investors","og_description":"1. Datenschutz auf einen Blick Allgemeine Hinweise Die folgenden Hinweise geben einen einfachen \u00dcberblick dar\u00fcber, was mit Ihren personenbezogenen Daten passiert, wenn Sie unsere Website besuchen. Personenbezogene Daten sind alle Daten, mit denen Sie pers\u00f6nlich identifiziert werden k\u00f6nnen. Ausf\u00fchrliche Informationen zum Thema Datenschutz entnehmen Sie den nachfolgenden Abschnitten dieser Datenschutzerkl\u00e4rung. 2. Verantwortliche Stelle Verantwortlich f\u00fcr [&hellip;]","og_url":"https:\/\/uniresta.com\/de\/privacy-policy\/","og_site_name":"Uniresta Capital Investors","article_modified_time":"2026-01-16T09:27:36+00:00","twitter_card":"summary_large_image","twitter_misc":{"Gesch\u00e4tzte Lesezeit":"4\u00a0Minuten"},"schema":{"@context":"https:\/\/schema.org","@graph":[{"@type":"WebPage","@id":"https:\/\/uniresta.com\/privacy-policy\/","url":"https:\/\/uniresta.com\/privacy-policy\/","name":"Privacy Policy - Uniresta Capital Investors","isPartOf":{"@id":"https:\/\/uniresta.com\/#website"},"datePublished":"2021-09-11T06:11:58+00:00","dateModified":"2026-01-16T09:27:36+00:00","breadcrumb":{"@id":"https:\/\/uniresta.com\/privacy-policy\/#breadcrumb"},"inLanguage":"de","potentialAction":[{"@type":"ReadAction","target":["https:\/\/uniresta.com\/privacy-policy\/"]}]},{"@type":"BreadcrumbList","@id":"https:\/\/uniresta.com\/privacy-policy\/#breadcrumb","itemListElement":[{"@type":"ListItem","position":1,"name":"Home","item":"https:\/\/uniresta.com\/"},{"@type":"ListItem","position":2,"name":"Privacy Policy"}]},{"@type":"WebSite","@id":"https:\/\/uniresta.com\/#website","url":"https:\/\/uniresta.com\/","name":"Uniresta Capital Investors","description":"Immobilieninvestments mit Substanz, Struktur und Verantwortung","publisher":{"@id":"https:\/\/uniresta.com\/#organization"},"potentialAction":[{"@type":"SearchAction","target":{"@type":"EntryPoint","urlTemplate":"https:\/\/uniresta.com\/?s={search_term_string}"},"query-input":{"@type":"PropertyValueSpecification","valueRequired":true,"valueName":"search_term_string"}}],"inLanguage":"de"},{"@type":"Organization","@id":"https:\/\/uniresta.com\/#organization","name":"Uniresta Capital Investors","url":"https:\/\/uniresta.com\/","logo":{"@type":"ImageObject","inLanguage":"de","@id":"https:\/\/uniresta.com\/#\/schema\/logo\/image\/","url":"https:\/\/uniresta.com\/wp-content\/uploads\/2021\/09\/Logo@2x.png","contentUrl":"https:\/\/uniresta.com\/wp-content\/uploads\/2021\/09\/Logo@2x.png","width":839,"height":169,"caption":"Uniresta Capital Investors"},"image":{"@id":"https:\/\/uniresta.com\/#\/schema\/logo\/image\/"}}]}},"_links":{"self":[{"href":"https:\/\/uniresta.com\/de\/wp-json\/wp\/v2\/pages\/632","targetHints":{"allow":["GET"]}}],"collection":[{"href":"https:\/\/uniresta.com\/de\/wp-json\/wp\/v2\/pages"}],"about":[{"href":"https:\/\/uniresta.com\/de\/wp-json\/wp\/v2\/types\/page"}],"author":[{"embeddable":true,"href":"https:\/\/uniresta.com\/de\/wp-json\/wp\/v2\/users\/1"}],"replies":[{"embeddable":true,"href":"https:\/\/uniresta.com\/de\/wp-json\/wp\/v2\/comments?post=632"}],"version-history":[{"count":10,"href":"https:\/\/uniresta.com\/de\/wp-json\/wp\/v2\/pages\/632\/revisions"}],"predecessor-version":[{"id":3003,"href":"https:\/\/uniresta.com\/de\/wp-json\/wp\/v2\/pages\/632\/revisions\/3003"}],"wp:attachment":[{"href":"https:\/\/uniresta.com\/de\/wp-json\/wp\/v2\/media?parent=632"}],"curies":[{"name":"wp","href":"https:\/\/api.w.org\/{rel}","templated":true}]}}