{"id":2532,"date":"2022-11-01T10:21:20","date_gmt":"2022-11-01T09:21:20","guid":{"rendered":"https:\/\/uniresta.com\/?page_id=2532"},"modified":"2025-11-18T14:57:06","modified_gmt":"2025-11-18T13:57:06","slug":"immobilienverwalter","status":"publish","type":"page","link":"https:\/\/uniresta.com\/de\/careers\/immobilienverwalter\/","title":{"rendered":"Careers &#8211; Immobilienverwalter (w\/m\/d)"},"content":{"rendered":"<div data-elementor-type=\"wp-page\" data-elementor-id=\"2532\" class=\"elementor elementor-2532\" data-elementor-post-type=\"page\">\n\t\t\t\t\t\t\t\t\t<section class=\"elementor-section elementor-top-section elementor-element elementor-element-395fd8c elementor-section-full_width elementor-section-height-default elementor-section-height-default\" data-id=\"395fd8c\" data-element_type=\"section\">\n\t\t\t\t\t\t<div class=\"elementor-container elementor-column-gap-default\">\n\t\t\t\t\t<div class=\"elementor-column elementor-col-50 elementor-top-column elementor-element elementor-element-3937314\" data-id=\"3937314\" data-element_type=\"column\" data-settings=\"{&quot;background_background&quot;:&quot;gradient&quot;}\">\n\t\t\t<div class=\"elementor-widget-wrap elementor-element-populated\">\n\t\t\t\t\t<div class=\"elementor-background-overlay\"><\/div>\n\t\t\t\t\t\t\t\t<div class=\"elementor-element elementor-element-d1e65e6 elementor-widget elementor-widget-spacer\" data-id=\"d1e65e6\" data-element_type=\"widget\" data-widget_type=\"spacer.default\">\n\t\t\t\t<div class=\"elementor-widget-container\">\n\t\t\t\t\t<div class=\"elementor-spacer\">\n\t\t\t<div class=\"elementor-spacer-inner\"><\/div>\n\t\t<\/div>\n\t\t\t\t<\/div>\n\t\t\t\t<\/div>\n\t\t\t\t\t<\/div>\n\t\t<\/div>\n\t\t\t\t<div class=\"elementor-column elementor-col-50 elementor-top-column elementor-element elementor-element-5b4da8b\" data-id=\"5b4da8b\" data-element_type=\"column\" data-settings=\"{&quot;background_background&quot;:&quot;classic&quot;}\">\n\t\t\t<div class=\"elementor-widget-wrap elementor-element-populated\">\n\t\t\t\t\t\t\t\t<div class=\"elementor-element elementor-element-e1ef71f elementor-invisible elementor-widget elementor-widget-heading\" data-id=\"e1ef71f\" data-element_type=\"widget\" data-settings=\"{&quot;_animation&quot;:&quot;fadeInUp&quot;}\" data-widget_type=\"heading.default\">\n\t\t\t\t<div class=\"elementor-widget-container\">\n\t\t\t<h2 class=\"elementor-heading-title elementor-size-default\"><span style=\"font-weight: normal;\">KARRIERE<\/span><\/h2>\t\t<\/div>\n\t\t\t\t<\/div>\n\t\t\t\t\t<\/div>\n\t\t<\/div>\n\t\t\t\t\t\t\t<\/div>\n\t\t<\/section>\n\t\t\t\t<section class=\"elementor-section elementor-top-section elementor-element elementor-element-5ebd493 elementor-section-boxed elementor-section-height-default elementor-section-height-default\" data-id=\"5ebd493\" data-element_type=\"section\">\n\t\t\t\t\t\t<div class=\"elementor-container elementor-column-gap-default\">\n\t\t\t\t\t<div class=\"elementor-column elementor-col-100 elementor-top-column elementor-element elementor-element-5569b56\" data-id=\"5569b56\" data-element_type=\"column\">\n\t\t\t<div class=\"elementor-widget-wrap elementor-element-populated\">\n\t\t\t\t\t\t\t\t<div class=\"elementor-element elementor-element-58e9e3b elementor-invisible elementor-widget elementor-widget-heading\" data-id=\"58e9e3b\" data-element_type=\"widget\" data-settings=\"{&quot;_animation&quot;:&quot;fadeInUp&quot;}\" data-widget_type=\"heading.default\">\n\t\t\t\t<div class=\"elementor-widget-container\">\n\t\t\t<h2 class=\"elementor-heading-title elementor-size-default\">Investment Analyst (w\/m\/d)<\/h2>\t\t<\/div>\n\t\t\t\t<\/div>\n\t\t\t\t<div class=\"elementor-element elementor-element-d491abd elementor-widget-divider--view-line elementor-widget elementor-widget-divider\" data-id=\"d491abd\" data-element_type=\"widget\" data-widget_type=\"divider.default\">\n\t\t\t\t<div class=\"elementor-widget-container\">\n\t\t\t\t\t<div class=\"elementor-divider\">\n\t\t\t<span class=\"elementor-divider-separator\">\n\t\t\t\t\t\t<\/span>\n\t\t<\/div>\n\t\t\t\t<\/div>\n\t\t\t\t<\/div>\n\t\t\t\t<div class=\"elementor-element elementor-element-22e8601 elementor-invisible elementor-widget elementor-widget-text-editor\" data-id=\"22e8601\" data-element_type=\"widget\" data-settings=\"{&quot;_animation&quot;:&quot;fadeIn&quot;}\" data-widget_type=\"text-editor.default\">\n\t\t\t\t<div class=\"elementor-widget-container\">\n\t\t\t\t\t\t\t<p>Update 11\/2025: Diese Position ist nicht mehr verf\u00fcgbar. Unsere aktuellen Stellenangebote finden Sie unter dem Karrierelink <span style=\"color: #800000;\"><a style=\"color: #800000;\" href=\"https:\/\/uniresta.com\/de\/careers\/\">hier<\/a><\/span>.<\/p>\t\t\t\t\t\t<\/div>\n\t\t\t\t<\/div>\n\t\t\t\t<div class=\"elementor-element elementor-element-993cc83 elementor-invisible elementor-widget elementor-widget-text-editor\" data-id=\"993cc83\" data-element_type=\"widget\" data-settings=\"{&quot;_animation&quot;:&quot;fadeIn&quot;}\" data-widget_type=\"text-editor.default\">\n\t\t\t\t<div class=\"elementor-widget-container\">\n\t\t\t\t\t\t\t<p>\t\t<div data-elementor-type=\"section\" data-elementor-id=\"1593\" class=\"elementor elementor-1593\" data-elementor-post-type=\"elementor_library\">\n\t\t\t\t\t\t\t\t<section class=\"elementor-section elementor-top-section elementor-element elementor-element-880e4ba elementor-section-boxed elementor-section-height-default elementor-section-height-default\" data-id=\"880e4ba\" data-element_type=\"section\">\n\t\t\t\t\t\t<div class=\"elementor-container elementor-column-gap-default\">\n\t\t\t\t\t<div class=\"elementor-column elementor-col-100 elementor-top-column elementor-element elementor-element-f4a50ef\" data-id=\"f4a50ef\" data-element_type=\"column\">\n\t\t\t<div class=\"elementor-widget-wrap elementor-element-populated\">\n\t\t\t\t\t\t\t\t<div class=\"elementor-element elementor-element-44684c7 elementor-invisible elementor-widget elementor-widget-text-editor\" data-id=\"44684c7\" data-element_type=\"widget\" data-settings=\"{&quot;_animation&quot;:&quot;fadeIn&quot;}\" data-widget_type=\"text-editor.default\">\n\t\t\t\t<div class=\"elementor-widget-container\">\n\t\t\t\t\t\t\t<p><\/p>\n<h4><strong>Stellenausschreibung<\/strong><\/h4>\n<p><\/p>\n<table width=\"100%\">\n<tbody>\n<tr>\n<td width=\"18%\">\n<p><strong>Position<\/strong><\/p>\n<\/td>\n<td width=\"81%\">\n<p>Investment Analyst (w\/m\/d)<\/p>\n<\/td>\n<\/tr>\n<tr>\n<td width=\"18%\">\n<p><strong>Standort:<\/strong><\/p>\n<\/td>\n<td width=\"81%\">\n<p>Frankfurt am Main<\/p>\n<\/td>\n<\/tr>\n<tr>\n<td width=\"18%\">\n<p><strong>Abteilung:<\/strong><\/p>\n<\/td>\n<td width=\"81%\">\n<p>Investment &amp; Asset Management<\/p>\n<\/td>\n<\/tr>\n<tr>\n<td width=\"18%\">\n<p><strong>Art der Stelle:<\/strong><\/p>\n<\/td>\n<td width=\"81%\">\n<p>Praktikum \/ Werkstudent, Teilzeit oder Vollzeit m\u00f6glich<\/p>\n<\/td>\n<\/tr>\n<\/tbody>\n<\/table>\n<h4>Ihre Aufgaben und Ihr T\u00e4tigkeitsbereich<\/h4>\n<ul>\n<li>Unterst\u00fctzung bei An- und Verkaufsprozessen von Immobilien<\/li>\n<li>Erstellung und Bearbeitung von Finanzmodellen und Pr\u00e4sentationen<\/li>\n<li>Durchf\u00fchren von Markt-, Objekt- und Wettbewerbsanalysen<\/li>\n<li>Mitarbeit bei der Vorbereitung von Investmententscheidungen<\/li>\n<li>Unterst\u00fctzung im Asset Management von Objekten im Portfolio<\/li>\n<li>Optimierung der Mietertr\u00e4ge und Erstellung von individuellen Objektstrategien und Marktbeobachtungen und Comparable Listen<\/li>\n<li>Erfassung, Verarbeitung und Strukturierung von Daten in MS Excel (inkl. Deal Tracker, Prozessstatus, Deadlines)<\/li>\n<li>Analytisches Denken und Handeln sowie Entscheidungsst\u00e4rke bei Vermietungs-, Renovierungs- und Sanierungsangelegenheiten<\/li>\n<li>Regelm\u00e4\u00dfiges Reporting an die Gesch\u00e4ftsleitung<\/li>\n<\/ul>\n<h4>Ihr Profil<\/h4>\n<ul>\n<li>Universit\u00e4tsstudium der Wirtschaftswissenschaften, vorzugsweise mit Bezug zur Immobilien\u00f6konomie, Ausbildung als Immobilienkaufmann, oder eine vergleichbare Qualifikation mit immobilienwirtschaftlichem Bezug<\/li>\n<li>Affinit\u00e4t zum Thema Real Estate<\/li>\n<li>Hervorragende analytische F\u00e4higkeiten und rasche Auffassungsgabe<\/li>\n<li>Hohes Ma\u00df an Zuverl\u00e4ssigkeit und Selbstst\u00e4ndigkeit<\/li>\n<li>Sehr gute IT-Kenntnisse (inkl. Microsoft Excel und idealerweise mit Microsoft VBA)<\/li>\n<li>Flie\u00dfende Deutsch- und Englischkenntnisse in Wort und Schrift<\/li>\n<li>Vorzugsweise F\u00fchrerschein vorhanden<\/li>\n<\/ul>\n<h4>Das bieten wir Ihnen<\/h4>\n<ul>\n<li>Ein hohes Ma\u00df an Eigenverantwortung und Raum f\u00fcr eigene Ideen innerhalb der jeweiligen Projekte<\/li>\n<li>Ein erfahrenes und engagiertes Team mit famili\u00e4rem Arbeitsumfeld, das mit Ihnen Hand in Hand zusammenarbeitet<\/li>\n<li>Ein innovatives, dynamisches Unternehmen mit flachen Hierarchien<\/li>\n<li>Die M\u00f6glichkeit, ein schnell wachsendes Unternehmen mitzugestalten<\/li>\n<li>Einblicke in viele verschiedene Aufgabenbereiche und andere Abteilungen z.B. Asset Management, Property Management<\/li>\n<li>Zentralgelegenes B\u00fcro im Herzen Frankfurts mit guter \u00d6PNV-Anbindung<\/li>\n<li>Firmencomputer \/ Laptop; ggf. Firmenhandy<\/li>\n<\/ul>\t\t\t\t\t\t<\/div>\n\t\t\t\t<\/div>\n\t\t\t\t<div class=\"elementor-element elementor-element-80d2057 elementor-mobile-align-center elementor-widget elementor-widget-button\" data-id=\"80d2057\" data-element_type=\"widget\" data-widget_type=\"button.default\">\n\t\t\t\t<div class=\"elementor-widget-container\">\n\t\t\t\t\t<div class=\"elementor-button-wrapper\">\n\t\t\t<a class=\"elementor-button elementor-button-link elementor-size-sm\" href=\"https:\/\/uniresta.com\/de\/job-application\/\" target=\"_blank\">\n\t\t\t\t\t\t<span class=\"elementor-button-content-wrapper\">\n\t\t\t\t\t\t<span class=\"elementor-button-text\">Jetzt bewerben<\/span>\n\t\t<\/span>\n\t\t\t\t\t<\/a>\n\t\t<\/div>\n\t\t\t\t<\/div>\n\t\t\t\t<\/div>\n\t\t\t\t<div class=\"elementor-element elementor-element-15b22a3 elementor-invisible elementor-widget elementor-widget-text-editor\" data-id=\"15b22a3\" data-element_type=\"widget\" data-settings=\"{&quot;_animation&quot;:&quot;fadeIn&quot;}\" data-widget_type=\"text-editor.default\">\n\t\t\t\t<div class=\"elementor-widget-container\">\n\t\t\t\t\t\t\t<p><em>Um diese Stellenausschreibung in einem anderen Fenster zu \u00f6ffnen, klicken Sie <span style=\"color: #800000;\"><a style=\"color: #800000;\" href=\"https:\/\/uniresta.com\/de\/careers\/investment-analyst\/\">hier<\/a><\/span>.<\/em><\/p>\t\t\t\t\t\t<\/div>\n\t\t\t\t<\/div>\n\t\t\t\t\t<\/div>\n\t\t<\/div>\n\t\t\t\t\t\t\t<\/div>\n\t\t<\/section>\n\t\t\t\t\t\t<\/div>\n\t\t<\/p>\t\t\t\t\t\t<\/div>\n\t\t\t\t<\/div>\n\t\t\t\t\t<\/div>\n\t\t<\/div>\n\t\t\t\t\t\t\t<\/div>\n\t\t<\/section>\n\t\t\t\t<section class=\"elementor-section elementor-top-section elementor-element elementor-element-80c4a4a elementor-section-boxed elementor-section-height-default elementor-section-height-default\" data-id=\"80c4a4a\" data-element_type=\"section\">\n\t\t\t\t\t\t<div class=\"elementor-container elementor-column-gap-default\">\n\t\t\t\t\t<div class=\"elementor-column elementor-col-50 elementor-top-column elementor-element elementor-element-9a92134\" data-id=\"9a92134\" data-element_type=\"column\">\n\t\t\t<div class=\"elementor-widget-wrap elementor-element-populated\">\n\t\t\t\t\t\t\t\t<div class=\"elementor-element elementor-element-2e96ec2 elementor-invisible elementor-widget elementor-widget-heading\" data-id=\"2e96ec2\" data-element_type=\"widget\" data-settings=\"{&quot;_animation&quot;:&quot;fadeInUp&quot;}\" data-widget_type=\"heading.default\">\n\t\t\t\t<div class=\"elementor-widget-container\">\n\t\t\t<h2 class=\"elementor-heading-title elementor-size-default\">Bewerbungsanfragen<\/h2>\t\t<\/div>\n\t\t\t\t<\/div>\n\t\t\t\t<div class=\"elementor-element elementor-element-b8ae1d7 elementor-widget-divider--view-line elementor-widget elementor-widget-divider\" data-id=\"b8ae1d7\" data-element_type=\"widget\" data-widget_type=\"divider.default\">\n\t\t\t\t<div class=\"elementor-widget-container\">\n\t\t\t\t\t<div class=\"elementor-divider\">\n\t\t\t<span class=\"elementor-divider-separator\">\n\t\t\t\t\t\t<\/span>\n\t\t<\/div>\n\t\t\t\t<\/div>\n\t\t\t\t<\/div>\n\t\t\t\t<div class=\"elementor-element elementor-element-5168ae0 elementor-mobile-align-left elementor-icon-list--layout-traditional elementor-list-item-link-full_width elementor-widget elementor-widget-icon-list\" data-id=\"5168ae0\" data-element_type=\"widget\" data-widget_type=\"icon-list.default\">\n\t\t\t\t<div class=\"elementor-widget-container\">\n\t\t\t\t\t<ul class=\"elementor-icon-list-items\">\n\t\t\t\t\t\t\t<li class=\"elementor-icon-list-item\">\n\t\t\t\t\t\t\t\t\t\t\t<a href=\"tel:+49%206997677901\">\n\n\t\t\t\t\t\t\t\t\t\t\t<span class=\"elementor-icon-list-text\">Telefon: +49 69 97 67 79 01<\/span>\n\t\t\t\t\t\t\t\t\t\t\t<\/a>\n\t\t\t\t\t\t\t\t\t<\/li>\n\t\t\t\t\t\t\t\t<li class=\"elementor-icon-list-item\">\n\t\t\t\t\t\t\t\t\t\t\t<a href=\"mailto:karriere@uniresta.com\">\n\n\t\t\t\t\t\t\t\t\t\t\t<span class=\"elementor-icon-list-text\">E-Mail: karriere@uniresta.com<\/span>\n\t\t\t\t\t\t\t\t\t\t\t<\/a>\n\t\t\t\t\t\t\t\t\t<\/li>\n\t\t\t\t\t\t<\/ul>\n\t\t\t\t<\/div>\n\t\t\t\t<\/div>\n\t\t\t\t<div class=\"elementor-element elementor-element-5812569 elementor-widget elementor-widget-text-editor\" data-id=\"5812569\" data-element_type=\"widget\" data-widget_type=\"text-editor.default\">\n\t\t\t\t<div class=\"elementor-widget-container\">\n\t\t\t\t\t\t\t<p>Uniresta Capital Investors GmbH<br \/>Gr\u00fcneburgweg 101<br \/>60323 Frankfurt am Main<\/p>\t\t\t\t\t\t<\/div>\n\t\t\t\t<\/div>\n\t\t\t\t\t<\/div>\n\t\t<\/div>\n\t\t\t\t<div class=\"elementor-column elementor-col-50 elementor-top-column elementor-element elementor-element-92fcd95\" data-id=\"92fcd95\" data-element_type=\"column\">\n\t\t\t<div class=\"elementor-widget-wrap\">\n\t\t\t\t\t\t\t\t\t<\/div>\n\t\t<\/div>\n\t\t\t\t\t\t\t<\/div>\n\t\t<\/section>\n\t\t\t\t\t\t\t<\/div>","protected":false},"excerpt":{"rendered":"<p>CAREERS Investment Analyst (w\/m\/d) Update 11\/2025: Diese Position ist nicht mehr verf\u00fcgbar. Unsere aktuellen Stellenangebote finden Sie unter dem Karrierelink here. Recruitment Inquiries\u200b Telephone: +49 69 97 67 79 01 Email: karriere@uniresta.com Uniresta Capital Investors GmbHGr\u00fcneburgweg 10160323 Frankfurt am Main<\/p>","protected":false},"author":1,"featured_media":0,"parent":1459,"menu_order":0,"comment_status":"closed","ping_status":"closed","template":"elementor_header_footer","meta":{"_monsterinsights_skip_tracking":false,"_monsterinsights_sitenote_active":false,"_monsterinsights_sitenote_note":"","_monsterinsights_sitenote_category":0,"footnotes":""},"class_list":["post-2532","page","type-page","status-publish","hentry"],"yoast_head":"<!-- This site is optimized with the Yoast SEO plugin v24.6 - https:\/\/yoast.com\/wordpress\/plugins\/seo\/ -->\n<title>Careers - Immobilienverwalter (w\/m\/d) - Uniresta Capital Investors<\/title>\n<meta name=\"robots\" content=\"index, follow, max-snippet:-1, max-image-preview:large, max-video-preview:-1\" \/>\n<link rel=\"canonical\" href=\"https:\/\/uniresta.com\/de\/careers\/immobilienverwalter\/\" \/>\n<meta property=\"og:locale\" content=\"de_DE\" \/>\n<meta property=\"og:type\" content=\"article\" \/>\n<meta property=\"og:title\" content=\"Careers - Immobilienverwalter (w\/m\/d) - Uniresta Capital Investors\" \/>\n<meta property=\"og:description\" content=\"CAREERS Investment Analyst (w\/m\/d) Update 11\/2025: Diese Position ist nicht mehr verf\u00fcgbar. Unsere aktuellen Stellenangebote finden Sie unter dem Karrierelink here. Recruitment Inquiries\u200b Telephone: +49 69 97 67 79 01 Email: karriere@uniresta.com Uniresta Capital Investors GmbHGr\u00fcneburgweg 10160323 Frankfurt am Main\" \/>\n<meta property=\"og:url\" content=\"https:\/\/uniresta.com\/de\/careers\/immobilienverwalter\/\" \/>\n<meta property=\"og:site_name\" content=\"Uniresta Capital Investors\" \/>\n<meta property=\"article:modified_time\" content=\"2025-11-18T13:57:06+00:00\" \/>\n<meta name=\"twitter:card\" content=\"summary_large_image\" \/>\n<meta name=\"twitter:label1\" content=\"Gesch\u00e4tzte Lesezeit\" \/>\n\t<meta name=\"twitter:data1\" content=\"3\u00a0Minuten\" \/>\n<script type=\"application\/ld+json\" class=\"yoast-schema-graph\">{\"@context\":\"https:\/\/schema.org\",\"@graph\":[{\"@type\":\"WebPage\",\"@id\":\"https:\/\/uniresta.com\/careers\/immobilienverwalter\/\",\"url\":\"https:\/\/uniresta.com\/careers\/immobilienverwalter\/\",\"name\":\"Careers - Immobilienverwalter (w\/m\/d) - Uniresta Capital Investors\",\"isPartOf\":{\"@id\":\"https:\/\/uniresta.com\/#website\"},\"datePublished\":\"2022-11-01T09:21:20+00:00\",\"dateModified\":\"2025-11-18T13:57:06+00:00\",\"breadcrumb\":{\"@id\":\"https:\/\/uniresta.com\/careers\/immobilienverwalter\/#breadcrumb\"},\"inLanguage\":\"de\",\"potentialAction\":[{\"@type\":\"ReadAction\",\"target\":[\"https:\/\/uniresta.com\/careers\/immobilienverwalter\/\"]}]},{\"@type\":\"BreadcrumbList\",\"@id\":\"https:\/\/uniresta.com\/careers\/immobilienverwalter\/#breadcrumb\",\"itemListElement\":[{\"@type\":\"ListItem\",\"position\":1,\"name\":\"Home\",\"item\":\"https:\/\/uniresta.com\/\"},{\"@type\":\"ListItem\",\"position\":2,\"name\":\"Careers\",\"item\":\"https:\/\/uniresta.com\/careers\/\"},{\"@type\":\"ListItem\",\"position\":3,\"name\":\"Careers &#8211; Immobilienverwalter (w\/m\/d)\"}]},{\"@type\":\"WebSite\",\"@id\":\"https:\/\/uniresta.com\/#website\",\"url\":\"https:\/\/uniresta.com\/\",\"name\":\"Uniresta Capital Investors\",\"description\":\"Immobilieninvestments mit Substanz, Struktur und Verantwortung\",\"publisher\":{\"@id\":\"https:\/\/uniresta.com\/#organization\"},\"potentialAction\":[{\"@type\":\"SearchAction\",\"target\":{\"@type\":\"EntryPoint\",\"urlTemplate\":\"https:\/\/uniresta.com\/?s={search_term_string}\"},\"query-input\":{\"@type\":\"PropertyValueSpecification\",\"valueRequired\":true,\"valueName\":\"search_term_string\"}}],\"inLanguage\":\"de\"},{\"@type\":\"Organization\",\"@id\":\"https:\/\/uniresta.com\/#organization\",\"name\":\"Uniresta Capital Investors\",\"url\":\"https:\/\/uniresta.com\/\",\"logo\":{\"@type\":\"ImageObject\",\"inLanguage\":\"de\",\"@id\":\"https:\/\/uniresta.com\/#\/schema\/logo\/image\/\",\"url\":\"https:\/\/uniresta.com\/wp-content\/uploads\/2021\/09\/Logo@2x.png\",\"contentUrl\":\"https:\/\/uniresta.com\/wp-content\/uploads\/2021\/09\/Logo@2x.png\",\"width\":839,\"height\":169,\"caption\":\"Uniresta Capital Investors\"},\"image\":{\"@id\":\"https:\/\/uniresta.com\/#\/schema\/logo\/image\/\"}}]}<\/script>\n<!-- \/ Yoast SEO plugin. -->","yoast_head_json":{"title":"Careers - Immobilienverwalter (w\/m\/d) - Uniresta Capital Investors","robots":{"index":"index","follow":"follow","max-snippet":"max-snippet:-1","max-image-preview":"max-image-preview:large","max-video-preview":"max-video-preview:-1"},"canonical":"https:\/\/uniresta.com\/de\/careers\/immobilienverwalter\/","og_locale":"de_DE","og_type":"article","og_title":"Careers - Immobilienverwalter (w\/m\/d) - Uniresta Capital Investors","og_description":"CAREERS Investment Analyst (w\/m\/d) Update 11\/2025: Diese Position ist nicht mehr verf\u00fcgbar. Unsere aktuellen Stellenangebote finden Sie unter dem Karrierelink here. Recruitment Inquiries\u200b Telephone: +49 69 97 67 79 01 Email: karriere@uniresta.com Uniresta Capital Investors GmbHGr\u00fcneburgweg 10160323 Frankfurt am Main","og_url":"https:\/\/uniresta.com\/de\/careers\/immobilienverwalter\/","og_site_name":"Uniresta Capital Investors","article_modified_time":"2025-11-18T13:57:06+00:00","twitter_card":"summary_large_image","twitter_misc":{"Gesch\u00e4tzte Lesezeit":"3\u00a0Minuten"},"schema":{"@context":"https:\/\/schema.org","@graph":[{"@type":"WebPage","@id":"https:\/\/uniresta.com\/careers\/immobilienverwalter\/","url":"https:\/\/uniresta.com\/careers\/immobilienverwalter\/","name":"Careers - Immobilienverwalter (w\/m\/d) - Uniresta Capital Investors","isPartOf":{"@id":"https:\/\/uniresta.com\/#website"},"datePublished":"2022-11-01T09:21:20+00:00","dateModified":"2025-11-18T13:57:06+00:00","breadcrumb":{"@id":"https:\/\/uniresta.com\/careers\/immobilienverwalter\/#breadcrumb"},"inLanguage":"de","potentialAction":[{"@type":"ReadAction","target":["https:\/\/uniresta.com\/careers\/immobilienverwalter\/"]}]},{"@type":"BreadcrumbList","@id":"https:\/\/uniresta.com\/careers\/immobilienverwalter\/#breadcrumb","itemListElement":[{"@type":"ListItem","position":1,"name":"Home","item":"https:\/\/uniresta.com\/"},{"@type":"ListItem","position":2,"name":"Careers","item":"https:\/\/uniresta.com\/careers\/"},{"@type":"ListItem","position":3,"name":"Careers &#8211; Immobilienverwalter (w\/m\/d)"}]},{"@type":"WebSite","@id":"https:\/\/uniresta.com\/#website","url":"https:\/\/uniresta.com\/","name":"Uniresta Capital Investors","description":"Immobilieninvestments mit Substanz, Struktur und Verantwortung","publisher":{"@id":"https:\/\/uniresta.com\/#organization"},"potentialAction":[{"@type":"SearchAction","target":{"@type":"EntryPoint","urlTemplate":"https:\/\/uniresta.com\/?s={search_term_string}"},"query-input":{"@type":"PropertyValueSpecification","valueRequired":true,"valueName":"search_term_string"}}],"inLanguage":"de"},{"@type":"Organization","@id":"https:\/\/uniresta.com\/#organization","name":"Uniresta Capital Investors","url":"https:\/\/uniresta.com\/","logo":{"@type":"ImageObject","inLanguage":"de","@id":"https:\/\/uniresta.com\/#\/schema\/logo\/image\/","url":"https:\/\/uniresta.com\/wp-content\/uploads\/2021\/09\/Logo@2x.png","contentUrl":"https:\/\/uniresta.com\/wp-content\/uploads\/2021\/09\/Logo@2x.png","width":839,"height":169,"caption":"Uniresta Capital Investors"},"image":{"@id":"https:\/\/uniresta.com\/#\/schema\/logo\/image\/"}}]}},"_links":{"self":[{"href":"https:\/\/uniresta.com\/de\/wp-json\/wp\/v2\/pages\/2532","targetHints":{"allow":["GET"]}}],"collection":[{"href":"https:\/\/uniresta.com\/de\/wp-json\/wp\/v2\/pages"}],"about":[{"href":"https:\/\/uniresta.com\/de\/wp-json\/wp\/v2\/types\/page"}],"author":[{"embeddable":true,"href":"https:\/\/uniresta.com\/de\/wp-json\/wp\/v2\/users\/1"}],"replies":[{"embeddable":true,"href":"https:\/\/uniresta.com\/de\/wp-json\/wp\/v2\/comments?post=2532"}],"version-history":[{"count":9,"href":"https:\/\/uniresta.com\/de\/wp-json\/wp\/v2\/pages\/2532\/revisions"}],"predecessor-version":[{"id":2878,"href":"https:\/\/uniresta.com\/de\/wp-json\/wp\/v2\/pages\/2532\/revisions\/2878"}],"up":[{"embeddable":true,"href":"https:\/\/uniresta.com\/de\/wp-json\/wp\/v2\/pages\/1459"}],"wp:attachment":[{"href":"https:\/\/uniresta.com\/de\/wp-json\/wp\/v2\/media?parent=2532"}],"curies":[{"name":"wp","href":"https:\/\/api.w.org\/{rel}","templated":true}]}}