{"id":1553,"date":"2021-10-24T09:46:10","date_gmt":"2021-10-24T07:46:10","guid":{"rendered":"https:\/\/uniresta.com\/?page_id=1553"},"modified":"2026-01-15T17:35:38","modified_gmt":"2026-01-15T16:35:38","slug":"ventures","status":"publish","type":"page","link":"https:\/\/uniresta.com\/de\/ventures\/","title":{"rendered":"Ventures"},"content":{"rendered":"<div data-elementor-type=\"wp-page\" data-elementor-id=\"1553\" class=\"elementor elementor-1553\" data-elementor-post-type=\"page\">\n\t\t\t\t\t\t\t\t\t<section class=\"elementor-section elementor-top-section elementor-element elementor-element-759d524 elementor-section-full_width elementor-section-height-default elementor-section-height-default\" data-id=\"759d524\" data-element_type=\"section\">\n\t\t\t\t\t\t<div class=\"elementor-container elementor-column-gap-default\">\n\t\t\t\t\t<div class=\"elementor-column elementor-col-50 elementor-top-column elementor-element elementor-element-590fd04\" data-id=\"590fd04\" data-element_type=\"column\" data-settings=\"{&quot;background_background&quot;:&quot;classic&quot;}\">\n\t\t\t<div class=\"elementor-widget-wrap elementor-element-populated\">\n\t\t\t\t\t<div class=\"elementor-background-overlay\"><\/div>\n\t\t\t\t\t\t\t\t<div class=\"elementor-element elementor-element-cefef3c elementor-widget elementor-widget-spacer\" data-id=\"cefef3c\" data-element_type=\"widget\" data-widget_type=\"spacer.default\">\n\t\t\t\t<div class=\"elementor-widget-container\">\n\t\t\t\t\t<div class=\"elementor-spacer\">\n\t\t\t<div class=\"elementor-spacer-inner\"><\/div>\n\t\t<\/div>\n\t\t\t\t<\/div>\n\t\t\t\t<\/div>\n\t\t\t\t\t<\/div>\n\t\t<\/div>\n\t\t\t\t<div class=\"elementor-column elementor-col-50 elementor-top-column elementor-element elementor-element-de8de29\" data-id=\"de8de29\" data-element_type=\"column\" data-settings=\"{&quot;background_background&quot;:&quot;classic&quot;}\">\n\t\t\t<div class=\"elementor-widget-wrap elementor-element-populated\">\n\t\t\t\t\t\t\t\t<div class=\"elementor-element elementor-element-ee56860 elementor-invisible elementor-widget elementor-widget-heading\" data-id=\"ee56860\" data-element_type=\"widget\" data-settings=\"{&quot;_animation&quot;:&quot;fadeInUp&quot;}\" data-widget_type=\"heading.default\">\n\t\t\t\t<div class=\"elementor-widget-container\">\n\t\t\t<h1 class=\"elementor-heading-title elementor-size-default\">VENTURES<\/h1>\t\t<\/div>\n\t\t\t\t<\/div>\n\t\t\t\t\t<\/div>\n\t\t<\/div>\n\t\t\t\t\t\t\t<\/div>\n\t\t<\/section>\n\t\t\t\t<section class=\"elementor-section elementor-top-section elementor-element elementor-element-433b4d7 elementor-section-boxed elementor-section-height-default elementor-section-height-default\" data-id=\"433b4d7\" data-element_type=\"section\">\n\t\t\t\t\t\t<div class=\"elementor-container elementor-column-gap-default\">\n\t\t\t\t\t<div class=\"elementor-column elementor-col-100 elementor-top-column elementor-element elementor-element-c79f040\" data-id=\"c79f040\" data-element_type=\"column\">\n\t\t\t<div class=\"elementor-widget-wrap elementor-element-populated\">\n\t\t\t\t\t\t\t\t<div class=\"elementor-element elementor-element-eeb80cd elementor-invisible elementor-widget elementor-widget-heading\" data-id=\"eeb80cd\" data-element_type=\"widget\" data-settings=\"{&quot;_animation&quot;:&quot;fadeInUp&quot;}\" data-widget_type=\"heading.default\">\n\t\t\t\t<div class=\"elementor-widget-container\">\n\t\t\t<h2 class=\"elementor-heading-title elementor-size-default\">Co-Investments & Partnerschaften<\/h2>\t\t<\/div>\n\t\t\t\t<\/div>\n\t\t\t\t<div class=\"elementor-element elementor-element-16298a7 elementor-widget-divider--view-line elementor-widget elementor-widget-divider\" data-id=\"16298a7\" data-element_type=\"widget\" data-widget_type=\"divider.default\">\n\t\t\t\t<div class=\"elementor-widget-container\">\n\t\t\t\t\t<div class=\"elementor-divider\">\n\t\t\t<span class=\"elementor-divider-separator\">\n\t\t\t\t\t\t<\/span>\n\t\t<\/div>\n\t\t\t\t<\/div>\n\t\t\t\t<\/div>\n\t\t\t\t<div class=\"elementor-element elementor-element-27ede3b elementor-invisible elementor-widget elementor-widget-text-editor\" data-id=\"27ede3b\" data-element_type=\"widget\" data-settings=\"{&quot;_animation&quot;:&quot;fadeIn&quot;}\" data-widget_type=\"text-editor.default\">\n\t\t\t\t<div class=\"elementor-widget-container\">\n\t\t\t\t\t\t\t<p>In ausgew\u00e4hlten F\u00e4llen investieren wir gemeinsam mit langfristig orientierten Partnern.<br \/>Diese Co-Investments folgen denselben Ma\u00dfst\u00e4ben wie unsere eigenkapitalbasierten Investitionen. Uniresta ist stets selbst investiert.<\/p>\t\t\t\t\t\t<\/div>\n\t\t\t\t<\/div>\n\t\t\t\t<div class=\"elementor-element elementor-element-ab5fb02 elementor-widget elementor-widget-heading\" data-id=\"ab5fb02\" data-element_type=\"widget\" data-widget_type=\"heading.default\">\n\t\t\t\t<div class=\"elementor-widget-container\">\n\t\t\t<h2 class=\"elementor-heading-title elementor-size-default\">Grunds\u00e4tze unserer Partnerschaften:<\/h2>\t\t<\/div>\n\t\t\t\t<\/div>\n\t\t\t\t<div class=\"elementor-element elementor-element-d7ff86c elementor-icon-list--layout-traditional elementor-list-item-link-full_width elementor-widget elementor-widget-icon-list\" data-id=\"d7ff86c\" data-element_type=\"widget\" data-widget_type=\"icon-list.default\">\n\t\t\t\t<div class=\"elementor-widget-container\">\n\t\t\t\t\t<ul class=\"elementor-icon-list-items\">\n\t\t\t\t\t\t\t<li class=\"elementor-icon-list-item\">\n\t\t\t\t\t\t\t\t\t\t\t<span class=\"elementor-icon-list-icon\">\n\t\t\t\t\t\t\t<svg xmlns=\"http:\/\/www.w3.org\/2000\/svg\" width=\"18\" height=\"20\" viewbox=\"0 0 18 20\"><g id=\"Group_19\" data-name=\"Group 19\" transform=\"translate(-430 -4259)\"><path id=\"Path_1\" data-name=\"Path 1\" d=\"M456.814,4322l-2.314,1.125V4341.5h4.75v-18.375Z\" transform=\"translate(-11.25 -63)\" fill=\"#6e150f\"><\/path><path id=\"Path_2\" data-name=\"Path 2\" d=\"M430,4331.375l3.875-1.375v15.75H430Z\" transform=\"translate(0 -67)\" fill=\"#6e150f\"><\/path><rect id=\"Rectangle_9\" data-name=\"Rectangle 9\" width=\"18\" height=\"1.5\" transform=\"translate(430 4277.5)\" fill=\"#6e150f\"><\/rect><\/g><\/svg>\t\t\t\t\t\t<\/span>\n\t\t\t\t\t\t\t\t\t\t<span class=\"elementor-icon-list-text\">vollst\u00e4ndige Interessenangleichung zwischen Kapital und Management<\/span>\n\t\t\t\t\t\t\t\t\t<\/li>\n\t\t\t\t\t\t\t\t<li class=\"elementor-icon-list-item\">\n\t\t\t\t\t\t\t\t\t\t\t<span class=\"elementor-icon-list-icon\">\n\t\t\t\t\t\t\t<svg xmlns=\"http:\/\/www.w3.org\/2000\/svg\" width=\"18\" height=\"20\" viewbox=\"0 0 18 20\"><g id=\"Group_19\" data-name=\"Group 19\" transform=\"translate(-430 -4259)\"><path id=\"Path_1\" data-name=\"Path 1\" d=\"M456.814,4322l-2.314,1.125V4341.5h4.75v-18.375Z\" transform=\"translate(-11.25 -63)\" fill=\"#6e150f\"><\/path><path id=\"Path_2\" data-name=\"Path 2\" d=\"M430,4331.375l3.875-1.375v15.75H430Z\" transform=\"translate(0 -67)\" fill=\"#6e150f\"><\/path><rect id=\"Rectangle_9\" data-name=\"Rectangle 9\" width=\"18\" height=\"1.5\" transform=\"translate(430 4277.5)\" fill=\"#6e150f\"><\/rect><\/g><\/svg>\t\t\t\t\t\t<\/span>\n\t\t\t\t\t\t\t\t\t\t<span class=\"elementor-icon-list-text\">klare Governance- und Entscheidungsstrukturen<\/span>\n\t\t\t\t\t\t\t\t\t<\/li>\n\t\t\t\t\t\t\t\t<li class=\"elementor-icon-list-item\">\n\t\t\t\t\t\t\t\t\t\t\t<span class=\"elementor-icon-list-icon\">\n\t\t\t\t\t\t\t<svg xmlns=\"http:\/\/www.w3.org\/2000\/svg\" width=\"18\" height=\"20\" viewbox=\"0 0 18 20\"><g id=\"Group_19\" data-name=\"Group 19\" transform=\"translate(-430 -4259)\"><path id=\"Path_1\" data-name=\"Path 1\" d=\"M456.814,4322l-2.314,1.125V4341.5h4.75v-18.375Z\" transform=\"translate(-11.25 -63)\" fill=\"#6e150f\"><\/path><path id=\"Path_2\" data-name=\"Path 2\" d=\"M430,4331.375l3.875-1.375v15.75H430Z\" transform=\"translate(0 -67)\" fill=\"#6e150f\"><\/path><rect id=\"Rectangle_9\" data-name=\"Rectangle 9\" width=\"18\" height=\"1.5\" transform=\"translate(430 4277.5)\" fill=\"#6e150f\"><\/rect><\/g><\/svg>\t\t\t\t\t\t<\/span>\n\t\t\t\t\t\t\t\t\t\t<span class=\"elementor-icon-list-text\">ein fester Ansprechpartner auf Managementebene<\/span>\n\t\t\t\t\t\t\t\t\t<\/li>\n\t\t\t\t\t\t\t\t<li class=\"elementor-icon-list-item\">\n\t\t\t\t\t\t\t\t\t\t\t<span class=\"elementor-icon-list-icon\">\n\t\t\t\t\t\t\t<svg xmlns=\"http:\/\/www.w3.org\/2000\/svg\" width=\"18\" height=\"20\" viewbox=\"0 0 18 20\"><g id=\"Group_19\" data-name=\"Group 19\" transform=\"translate(-430 -4259)\"><path id=\"Path_1\" data-name=\"Path 1\" d=\"M456.814,4322l-2.314,1.125V4341.5h4.75v-18.375Z\" transform=\"translate(-11.25 -63)\" fill=\"#6e150f\"><\/path><path id=\"Path_2\" data-name=\"Path 2\" d=\"M430,4331.375l3.875-1.375v15.75H430Z\" transform=\"translate(0 -67)\" fill=\"#6e150f\"><\/path><rect id=\"Rectangle_9\" data-name=\"Rectangle 9\" width=\"18\" height=\"1.5\" transform=\"translate(430 4277.5)\" fill=\"#6e150f\"><\/rect><\/g><\/svg>\t\t\t\t\t\t<\/span>\n\t\t\t\t\t\t\t\t\t\t<span class=\"elementor-icon-list-text\">Transparenz, Disziplin und Verl\u00e4sslichkeit<\/span>\n\t\t\t\t\t\t\t\t\t<\/li>\n\t\t\t\t\t\t<\/ul>\n\t\t\t\t<\/div>\n\t\t\t\t<\/div>\n\t\t\t\t<div class=\"elementor-element elementor-element-3d55c40 elementor-invisible elementor-widget elementor-widget-text-editor\" data-id=\"3d55c40\" data-element_type=\"widget\" data-settings=\"{&quot;_animation&quot;:&quot;fadeIn&quot;}\" data-widget_type=\"text-editor.default\">\n\t\t\t\t<div class=\"elementor-widget-container\">\n\t\t\t\t\t\t\t<p>Im Jahr 2021 wurde zur strukturierten Umsetzung dieser Partnerschaften die Uniresta Capital Investors GmbH (UCI) gegr\u00fcndet.<\/p>\t\t\t\t\t\t<\/div>\n\t\t\t\t<\/div>\n\t\t\t\t\t<\/div>\n\t\t<\/div>\n\t\t\t\t\t\t\t<\/div>\n\t\t<\/section>\n\t\t\t\t\t\t\t<\/div>","protected":false},"excerpt":{"rendered":"<p>VENTURES Co-Investments &#038; Partnerschaften In ausgew\u00e4hlten F\u00e4llen investieren wir gemeinsam mit langfristig orientierten Partnern.Diese Co-Investments folgen denselben Ma\u00dfst\u00e4ben wie unsere eigenkapitalbasierten Investitionen. Uniresta ist stets selbst investiert. Grunds\u00e4tze unserer Partnerschaften: vollst\u00e4ndige Interessenangleichung zwischen Kapital und Management klare Governance- und Entscheidungsstrukturen ein fester Ansprechpartner auf Managementebene Transparenz, Disziplin und Verl\u00e4sslichkeit Im Jahr 2021 wurde zur strukturierten [&hellip;]<\/p>","protected":false},"author":1,"featured_media":0,"parent":0,"menu_order":0,"comment_status":"closed","ping_status":"closed","template":"elementor_header_footer","meta":{"_monsterinsights_skip_tracking":false,"_monsterinsights_sitenote_active":false,"_monsterinsights_sitenote_note":"","_monsterinsights_sitenote_category":0,"footnotes":""},"class_list":["post-1553","page","type-page","status-publish","hentry"],"yoast_head":"<!-- This site is optimized with the Yoast SEO plugin v24.6 - https:\/\/yoast.com\/wordpress\/plugins\/seo\/ -->\n<title>Ventures - Uniresta Capital Investors<\/title>\n<meta name=\"robots\" content=\"index, follow, max-snippet:-1, max-image-preview:large, max-video-preview:-1\" \/>\n<link rel=\"canonical\" href=\"https:\/\/uniresta.com\/de\/ventures\/\" \/>\n<meta property=\"og:locale\" content=\"de_DE\" \/>\n<meta property=\"og:type\" content=\"article\" \/>\n<meta property=\"og:title\" content=\"Ventures - Uniresta Capital Investors\" \/>\n<meta property=\"og:description\" content=\"VENTURES Co-Investments &#038; Partnerschaften In ausgew\u00e4hlten F\u00e4llen investieren wir gemeinsam mit langfristig orientierten Partnern.Diese Co-Investments folgen denselben Ma\u00dfst\u00e4ben wie unsere eigenkapitalbasierten Investitionen. Uniresta ist stets selbst investiert. Grunds\u00e4tze unserer Partnerschaften: vollst\u00e4ndige Interessenangleichung zwischen Kapital und Management klare Governance- und Entscheidungsstrukturen ein fester Ansprechpartner auf Managementebene Transparenz, Disziplin und Verl\u00e4sslichkeit Im Jahr 2021 wurde zur strukturierten [&hellip;]\" \/>\n<meta property=\"og:url\" content=\"https:\/\/uniresta.com\/de\/ventures\/\" \/>\n<meta property=\"og:site_name\" content=\"Uniresta Capital Investors\" \/>\n<meta property=\"article:modified_time\" content=\"2026-01-15T16:35:38+00:00\" \/>\n<meta name=\"twitter:card\" content=\"summary_large_image\" \/>\n<meta name=\"twitter:label1\" content=\"Gesch\u00e4tzte Lesezeit\" \/>\n\t<meta name=\"twitter:data1\" content=\"1\u00a0Minute\" \/>\n<script type=\"application\/ld+json\" class=\"yoast-schema-graph\">{\"@context\":\"https:\/\/schema.org\",\"@graph\":[{\"@type\":\"WebPage\",\"@id\":\"https:\/\/uniresta.com\/ventures\/\",\"url\":\"https:\/\/uniresta.com\/ventures\/\",\"name\":\"Ventures - Uniresta Capital Investors\",\"isPartOf\":{\"@id\":\"https:\/\/uniresta.com\/#website\"},\"datePublished\":\"2021-10-24T07:46:10+00:00\",\"dateModified\":\"2026-01-15T16:35:38+00:00\",\"breadcrumb\":{\"@id\":\"https:\/\/uniresta.com\/ventures\/#breadcrumb\"},\"inLanguage\":\"de\",\"potentialAction\":[{\"@type\":\"ReadAction\",\"target\":[\"https:\/\/uniresta.com\/ventures\/\"]}]},{\"@type\":\"BreadcrumbList\",\"@id\":\"https:\/\/uniresta.com\/ventures\/#breadcrumb\",\"itemListElement\":[{\"@type\":\"ListItem\",\"position\":1,\"name\":\"Home\",\"item\":\"https:\/\/uniresta.com\/\"},{\"@type\":\"ListItem\",\"position\":2,\"name\":\"Ventures\"}]},{\"@type\":\"WebSite\",\"@id\":\"https:\/\/uniresta.com\/#website\",\"url\":\"https:\/\/uniresta.com\/\",\"name\":\"Uniresta Capital Investors\",\"description\":\"Immobilieninvestments mit Substanz, Struktur und Verantwortung\",\"publisher\":{\"@id\":\"https:\/\/uniresta.com\/#organization\"},\"potentialAction\":[{\"@type\":\"SearchAction\",\"target\":{\"@type\":\"EntryPoint\",\"urlTemplate\":\"https:\/\/uniresta.com\/?s={search_term_string}\"},\"query-input\":{\"@type\":\"PropertyValueSpecification\",\"valueRequired\":true,\"valueName\":\"search_term_string\"}}],\"inLanguage\":\"de\"},{\"@type\":\"Organization\",\"@id\":\"https:\/\/uniresta.com\/#organization\",\"name\":\"Uniresta Capital Investors\",\"url\":\"https:\/\/uniresta.com\/\",\"logo\":{\"@type\":\"ImageObject\",\"inLanguage\":\"de\",\"@id\":\"https:\/\/uniresta.com\/#\/schema\/logo\/image\/\",\"url\":\"https:\/\/uniresta.com\/wp-content\/uploads\/2021\/09\/Logo@2x.png\",\"contentUrl\":\"https:\/\/uniresta.com\/wp-content\/uploads\/2021\/09\/Logo@2x.png\",\"width\":839,\"height\":169,\"caption\":\"Uniresta Capital Investors\"},\"image\":{\"@id\":\"https:\/\/uniresta.com\/#\/schema\/logo\/image\/\"}}]}<\/script>\n<!-- \/ Yoast SEO plugin. -->","yoast_head_json":{"title":"Ventures - Uniresta Capital Investors","robots":{"index":"index","follow":"follow","max-snippet":"max-snippet:-1","max-image-preview":"max-image-preview:large","max-video-preview":"max-video-preview:-1"},"canonical":"https:\/\/uniresta.com\/de\/ventures\/","og_locale":"de_DE","og_type":"article","og_title":"Ventures - Uniresta Capital Investors","og_description":"VENTURES Co-Investments &#038; Partnerschaften In ausgew\u00e4hlten F\u00e4llen investieren wir gemeinsam mit langfristig orientierten Partnern.Diese Co-Investments folgen denselben Ma\u00dfst\u00e4ben wie unsere eigenkapitalbasierten Investitionen. Uniresta ist stets selbst investiert. Grunds\u00e4tze unserer Partnerschaften: vollst\u00e4ndige Interessenangleichung zwischen Kapital und Management klare Governance- und Entscheidungsstrukturen ein fester Ansprechpartner auf Managementebene Transparenz, Disziplin und Verl\u00e4sslichkeit Im Jahr 2021 wurde zur strukturierten [&hellip;]","og_url":"https:\/\/uniresta.com\/de\/ventures\/","og_site_name":"Uniresta Capital Investors","article_modified_time":"2026-01-15T16:35:38+00:00","twitter_card":"summary_large_image","twitter_misc":{"Gesch\u00e4tzte Lesezeit":"1\u00a0Minute"},"schema":{"@context":"https:\/\/schema.org","@graph":[{"@type":"WebPage","@id":"https:\/\/uniresta.com\/ventures\/","url":"https:\/\/uniresta.com\/ventures\/","name":"Ventures - Uniresta Capital Investors","isPartOf":{"@id":"https:\/\/uniresta.com\/#website"},"datePublished":"2021-10-24T07:46:10+00:00","dateModified":"2026-01-15T16:35:38+00:00","breadcrumb":{"@id":"https:\/\/uniresta.com\/ventures\/#breadcrumb"},"inLanguage":"de","potentialAction":[{"@type":"ReadAction","target":["https:\/\/uniresta.com\/ventures\/"]}]},{"@type":"BreadcrumbList","@id":"https:\/\/uniresta.com\/ventures\/#breadcrumb","itemListElement":[{"@type":"ListItem","position":1,"name":"Home","item":"https:\/\/uniresta.com\/"},{"@type":"ListItem","position":2,"name":"Ventures"}]},{"@type":"WebSite","@id":"https:\/\/uniresta.com\/#website","url":"https:\/\/uniresta.com\/","name":"Uniresta Capital Investors","description":"Immobilieninvestments mit Substanz, Struktur und Verantwortung","publisher":{"@id":"https:\/\/uniresta.com\/#organization"},"potentialAction":[{"@type":"SearchAction","target":{"@type":"EntryPoint","urlTemplate":"https:\/\/uniresta.com\/?s={search_term_string}"},"query-input":{"@type":"PropertyValueSpecification","valueRequired":true,"valueName":"search_term_string"}}],"inLanguage":"de"},{"@type":"Organization","@id":"https:\/\/uniresta.com\/#organization","name":"Uniresta Capital Investors","url":"https:\/\/uniresta.com\/","logo":{"@type":"ImageObject","inLanguage":"de","@id":"https:\/\/uniresta.com\/#\/schema\/logo\/image\/","url":"https:\/\/uniresta.com\/wp-content\/uploads\/2021\/09\/Logo@2x.png","contentUrl":"https:\/\/uniresta.com\/wp-content\/uploads\/2021\/09\/Logo@2x.png","width":839,"height":169,"caption":"Uniresta Capital Investors"},"image":{"@id":"https:\/\/uniresta.com\/#\/schema\/logo\/image\/"}}]}},"_links":{"self":[{"href":"https:\/\/uniresta.com\/de\/wp-json\/wp\/v2\/pages\/1553","targetHints":{"allow":["GET"]}}],"collection":[{"href":"https:\/\/uniresta.com\/de\/wp-json\/wp\/v2\/pages"}],"about":[{"href":"https:\/\/uniresta.com\/de\/wp-json\/wp\/v2\/types\/page"}],"author":[{"embeddable":true,"href":"https:\/\/uniresta.com\/de\/wp-json\/wp\/v2\/users\/1"}],"replies":[{"embeddable":true,"href":"https:\/\/uniresta.com\/de\/wp-json\/wp\/v2\/comments?post=1553"}],"version-history":[{"count":10,"href":"https:\/\/uniresta.com\/de\/wp-json\/wp\/v2\/pages\/1553\/revisions"}],"predecessor-version":[{"id":2981,"href":"https:\/\/uniresta.com\/de\/wp-json\/wp\/v2\/pages\/1553\/revisions\/2981"}],"wp:attachment":[{"href":"https:\/\/uniresta.com\/de\/wp-json\/wp\/v2\/media?parent=1553"}],"curies":[{"name":"wp","href":"https:\/\/api.w.org\/{rel}","templated":true}]}}