{"id":1551,"date":"2021-10-24T09:45:31","date_gmt":"2021-10-24T07:45:31","guid":{"rendered":"https:\/\/uniresta.com\/?page_id=1551"},"modified":"2026-01-16T10:50:29","modified_gmt":"2026-01-16T09:50:29","slug":"investment-philosophy","status":"publish","type":"page","link":"https:\/\/uniresta.com\/de\/investment-philosophy\/","title":{"rendered":"Investment Philosophy"},"content":{"rendered":"<div data-elementor-type=\"wp-page\" data-elementor-id=\"1551\" class=\"elementor elementor-1551\" data-elementor-post-type=\"page\">\n\t\t\t\t\t\t\t\t\t<section class=\"elementor-section elementor-top-section elementor-element elementor-element-95b0124 elementor-section-full_width elementor-section-height-default elementor-section-height-default\" data-id=\"95b0124\" data-element_type=\"section\">\n\t\t\t\t\t\t<div class=\"elementor-container elementor-column-gap-default\">\n\t\t\t\t\t<div class=\"elementor-column elementor-col-50 elementor-top-column elementor-element elementor-element-8475366\" data-id=\"8475366\" data-element_type=\"column\" data-settings=\"{&quot;background_background&quot;:&quot;classic&quot;}\">\n\t\t\t<div class=\"elementor-widget-wrap elementor-element-populated\">\n\t\t\t\t\t<div class=\"elementor-background-overlay\"><\/div>\n\t\t\t\t\t\t\t\t<div class=\"elementor-element elementor-element-7674fec elementor-widget elementor-widget-spacer\" data-id=\"7674fec\" data-element_type=\"widget\" data-widget_type=\"spacer.default\">\n\t\t\t\t<div class=\"elementor-widget-container\">\n\t\t\t\t\t<div class=\"elementor-spacer\">\n\t\t\t<div class=\"elementor-spacer-inner\"><\/div>\n\t\t<\/div>\n\t\t\t\t<\/div>\n\t\t\t\t<\/div>\n\t\t\t\t\t<\/div>\n\t\t<\/div>\n\t\t\t\t<div class=\"elementor-column elementor-col-50 elementor-top-column elementor-element elementor-element-39822b9\" data-id=\"39822b9\" data-element_type=\"column\" data-settings=\"{&quot;background_background&quot;:&quot;classic&quot;}\">\n\t\t\t<div class=\"elementor-widget-wrap elementor-element-populated\">\n\t\t\t\t\t\t\t\t<div class=\"elementor-element elementor-element-9653998 elementor-invisible elementor-widget elementor-widget-heading\" data-id=\"9653998\" data-element_type=\"widget\" data-settings=\"{&quot;_animation&quot;:&quot;fadeInUp&quot;}\" data-widget_type=\"heading.default\">\n\t\t\t\t<div class=\"elementor-widget-container\">\n\t\t\t<h1 class=\"elementor-heading-title elementor-size-default\">ANLAGEPHILOSOPHIE<\/h1>\t\t<\/div>\n\t\t\t\t<\/div>\n\t\t\t\t\t<\/div>\n\t\t<\/div>\n\t\t\t\t\t\t\t<\/div>\n\t\t<\/section>\n\t\t\t\t<section class=\"elementor-section elementor-top-section elementor-element elementor-element-5908433 elementor-section-boxed elementor-section-height-default elementor-section-height-default\" data-id=\"5908433\" data-element_type=\"section\">\n\t\t\t\t\t\t<div class=\"elementor-container elementor-column-gap-default\">\n\t\t\t\t\t<div class=\"elementor-column elementor-col-100 elementor-top-column elementor-element elementor-element-ac83e27\" data-id=\"ac83e27\" data-element_type=\"column\">\n\t\t\t<div class=\"elementor-widget-wrap elementor-element-populated\">\n\t\t\t\t\t\t\t\t<div class=\"elementor-element elementor-element-daba3c5 elementor-invisible elementor-widget elementor-widget-heading\" data-id=\"daba3c5\" data-element_type=\"widget\" data-settings=\"{&quot;_animation&quot;:&quot;fadeInUp&quot;}\" data-widget_type=\"heading.default\">\n\t\t\t\t<div class=\"elementor-widget-container\">\n\t\t\t<h2 class=\"elementor-heading-title elementor-size-default\">Unser Ansatz<\/h2>\t\t<\/div>\n\t\t\t\t<\/div>\n\t\t\t\t<div class=\"elementor-element elementor-element-33c9ea8 elementor-widget-divider--view-line elementor-widget elementor-widget-divider\" data-id=\"33c9ea8\" data-element_type=\"widget\" data-widget_type=\"divider.default\">\n\t\t\t\t<div class=\"elementor-widget-container\">\n\t\t\t\t\t<div class=\"elementor-divider\">\n\t\t\t<span class=\"elementor-divider-separator\">\n\t\t\t\t\t\t<\/span>\n\t\t<\/div>\n\t\t\t\t<\/div>\n\t\t\t\t<\/div>\n\t\t\t\t<div class=\"elementor-element elementor-element-5bf1af6 elementor-invisible elementor-widget elementor-widget-text-editor\" data-id=\"5bf1af6\" data-element_type=\"widget\" data-settings=\"{&quot;_animation&quot;:&quot;fadeIn&quot;}\" data-widget_type=\"text-editor.default\">\n\t\t\t\t<div class=\"elementor-widget-container\">\n\t\t\t\t\t\t\t<p>Uniresta agiert unabh\u00e4ngig und eigenkapitalorientiert. Unsere Investitionsentscheidungen folgen einer klaren Eigent\u00fcmerlogik und sind auf <strong>langfristige Wertschaffung<\/strong> ausgerichtet.<\/p><p>Wir investieren in Immobilien mit <strong>stabilen oder stabilisierbaren Cashflows<\/strong>, bei denen Wert durch <strong>Struktur, aktives Management und Zeit<\/strong> entsteht. Ma\u00dfgeblich sind nachvollziehbare Annahmen, realistische Szenarien und ein disziplinierter Umgang mit Risiken.<\/p><p>Unser Ansatz ist unternehmerisch gepr\u00e4gt: Investitionsentscheidungen werden nicht delegiert, sondern aus einer langfristigen Verantwortungsperspektive getroffen.<\/p>\t\t\t\t\t\t<\/div>\n\t\t\t\t<\/div>\n\t\t\t\t\t<\/div>\n\t\t<\/div>\n\t\t\t\t\t\t\t<\/div>\n\t\t<\/section>\n\t\t\t\t<section class=\"elementor-section elementor-top-section elementor-element elementor-element-a516504 elementor-section-boxed elementor-section-height-default elementor-section-height-default\" data-id=\"a516504\" data-element_type=\"section\">\n\t\t\t\t\t\t<div class=\"elementor-container elementor-column-gap-default\">\n\t\t\t\t\t<div class=\"elementor-column elementor-col-50 elementor-top-column elementor-element elementor-element-fa1ec3e\" data-id=\"fa1ec3e\" data-element_type=\"column\">\n\t\t\t<div class=\"elementor-widget-wrap elementor-element-populated\">\n\t\t\t\t\t\t\t\t<div class=\"elementor-element elementor-element-be21a32 elementor-invisible elementor-widget elementor-widget-heading\" data-id=\"be21a32\" data-element_type=\"widget\" data-settings=\"{&quot;_animation&quot;:&quot;fadeInUp&quot;}\" data-widget_type=\"heading.default\">\n\t\t\t\t<div class=\"elementor-widget-container\">\n\t\t\t<h2 class=\"elementor-heading-title elementor-size-default\">Investitionsmethodik<\/h2>\t\t<\/div>\n\t\t\t\t<\/div>\n\t\t\t\t<div class=\"elementor-element elementor-element-e6724ea elementor-widget-divider--view-line elementor-widget elementor-widget-divider\" data-id=\"e6724ea\" data-element_type=\"widget\" data-widget_type=\"divider.default\">\n\t\t\t\t<div class=\"elementor-widget-container\">\n\t\t\t\t\t<div class=\"elementor-divider\">\n\t\t\t<span class=\"elementor-divider-separator\">\n\t\t\t\t\t\t<\/span>\n\t\t<\/div>\n\t\t\t\t<\/div>\n\t\t\t\t<\/div>\n\t\t\t\t<div class=\"elementor-element elementor-element-8cd1a29 elementor-invisible elementor-widget elementor-widget-text-editor\" data-id=\"8cd1a29\" data-element_type=\"widget\" data-settings=\"{&quot;_animation&quot;:&quot;fadeIn&quot;}\" data-widget_type=\"text-editor.default\">\n\t\t\t\t<div class=\"elementor-widget-container\">\n\t\t\t\t\t\t\t<p>Im Fokus stehen:<\/p><ul><li>unteroptimierte Bestandsimmobilien<\/li><li>Repositionierungen und klar strukturierte Sondersituationen<\/li><li>belastbare Businesspl\u00e4ne mit realistischen Annahmen<\/li><\/ul>\t\t\t\t\t\t<\/div>\n\t\t\t\t<\/div>\n\t\t\t\t<div class=\"elementor-element elementor-element-008b3f4 elementor-invisible elementor-widget elementor-widget-text-editor\" data-id=\"008b3f4\" data-element_type=\"widget\" data-settings=\"{&quot;_animation&quot;:&quot;fadeIn&quot;}\" data-widget_type=\"text-editor.default\">\n\t\t\t\t<div class=\"elementor-widget-container\">\n\t\t\t\t\t\t\t<p>Wir vermeiden Investitionen mit:<\/p><ul><li>bin\u00e4ren Genehmigungs- oder Entwicklungsrisiken<\/li><li>strukturell r\u00fcckl\u00e4ufiger Nachfrage<\/li><li>Abh\u00e4ngigkeit von kurzfristiger Marktliquidit\u00e4t<\/li><\/ul>\t\t\t\t\t\t<\/div>\n\t\t\t\t<\/div>\n\t\t\t\t\t<\/div>\n\t\t<\/div>\n\t\t\t\t<div class=\"elementor-column elementor-col-50 elementor-top-column elementor-element elementor-element-47c9105\" data-id=\"47c9105\" data-element_type=\"column\">\n\t\t\t<div class=\"elementor-widget-wrap elementor-element-populated\">\n\t\t\t\t\t\t\t\t<div class=\"elementor-element elementor-element-f2a4a5c elementor-invisible elementor-widget elementor-widget-heading\" data-id=\"f2a4a5c\" data-element_type=\"widget\" data-settings=\"{&quot;_animation&quot;:&quot;fadeInUp&quot;}\" data-widget_type=\"heading.default\">\n\t\t\t\t<div class=\"elementor-widget-container\">\n\t\t\t<h2 class=\"elementor-heading-title elementor-size-default\">Wertsch\u00f6pfungsansatz<\/h2>\t\t<\/div>\n\t\t\t\t<\/div>\n\t\t\t\t<div class=\"elementor-element elementor-element-4027278 elementor-widget-divider--view-line elementor-widget elementor-widget-divider\" data-id=\"4027278\" data-element_type=\"widget\" data-widget_type=\"divider.default\">\n\t\t\t\t<div class=\"elementor-widget-container\">\n\t\t\t\t\t<div class=\"elementor-divider\">\n\t\t\t<span class=\"elementor-divider-separator\">\n\t\t\t\t\t\t<\/span>\n\t\t<\/div>\n\t\t\t\t<\/div>\n\t\t\t\t<\/div>\n\t\t\t\t<div class=\"elementor-element elementor-element-98e27a5 elementor-invisible elementor-widget elementor-widget-text-editor\" data-id=\"98e27a5\" data-element_type=\"widget\" data-settings=\"{&quot;_animation&quot;:&quot;fadeIn&quot;}\" data-widget_type=\"text-editor.default\">\n\t\t\t\t<div class=\"elementor-widget-container\">\n\t\t\t\t\t\t\t<p>Unsere Wertsch\u00f6pfung erfolgt entlang der gesamten Investmentkette:<\/p><ul><li>Akquisition und Strukturierung<\/li><li>aktives Asset- und Property Management<\/li><li>operative Optimierung von Cashflow, Kosten und Kapitalstruktur<\/li><li>kontrollierte Entwicklung und Repositionierung<\/li><\/ul>\t\t\t\t\t\t<\/div>\n\t\t\t\t<\/div>\n\t\t\t\t<div class=\"elementor-element elementor-element-6152050 elementor-invisible elementor-widget elementor-widget-text-editor\" data-id=\"6152050\" data-element_type=\"widget\" data-settings=\"{&quot;_animation&quot;:&quot;fadeIn&quot;}\" data-widget_type=\"text-editor.default\">\n\t\t\t\t<div class=\"elementor-widget-container\">\n\t\t\t\t\t\t\t<p>Der Fokus liegt auf der <strong>operativen Umsetzung<\/strong> und der konsequenten Steuerung der Werttreiber \u00fcber den gesamten Investitionszyklus hinweg.<\/p>\t\t\t\t\t\t<\/div>\n\t\t\t\t<\/div>\n\t\t\t\t\t<\/div>\n\t\t<\/div>\n\t\t\t\t\t\t\t<\/div>\n\t\t<\/section>\n\t\t\t\t<section class=\"elementor-section elementor-top-section elementor-element elementor-element-97a3ce4 elementor-section-boxed elementor-section-height-default elementor-section-height-default\" data-id=\"97a3ce4\" data-element_type=\"section\">\n\t\t\t\t\t\t<div class=\"elementor-container elementor-column-gap-default\">\n\t\t\t\t\t<div class=\"elementor-column elementor-col-100 elementor-top-column elementor-element elementor-element-7ebb7cc\" data-id=\"7ebb7cc\" data-element_type=\"column\">\n\t\t\t<div class=\"elementor-widget-wrap elementor-element-populated\">\n\t\t\t\t\t\t\t\t<div class=\"elementor-element elementor-element-6c770b0 elementor-invisible elementor-widget elementor-widget-heading\" data-id=\"6c770b0\" data-element_type=\"widget\" data-settings=\"{&quot;_animation&quot;:&quot;fadeInUp&quot;}\" data-widget_type=\"heading.default\">\n\t\t\t\t<div class=\"elementor-widget-container\">\n\t\t\t<h2 class=\"elementor-heading-title elementor-size-default\">Verantwortung & Governance<\/h2>\t\t<\/div>\n\t\t\t\t<\/div>\n\t\t\t\t<div class=\"elementor-element elementor-element-1fbaea1 elementor-widget-divider--view-line elementor-widget elementor-widget-divider\" data-id=\"1fbaea1\" data-element_type=\"widget\" data-widget_type=\"divider.default\">\n\t\t\t\t<div class=\"elementor-widget-container\">\n\t\t\t\t\t<div class=\"elementor-divider\">\n\t\t\t<span class=\"elementor-divider-separator\">\n\t\t\t\t\t\t<\/span>\n\t\t<\/div>\n\t\t\t\t<\/div>\n\t\t\t\t<\/div>\n\t\t\t\t<div class=\"elementor-element elementor-element-52a4a04 elementor-invisible elementor-widget elementor-widget-text-editor\" data-id=\"52a4a04\" data-element_type=\"widget\" data-settings=\"{&quot;_animation&quot;:&quot;fadeIn&quot;}\" data-widget_type=\"text-editor.default\">\n\t\t\t\t<div class=\"elementor-widget-container\">\n\t\t\t\t\t\t\t<p>Verantwortung ist integraler Bestandteil unserer Anlagephilosophie und unmittelbare Folge der Eigent\u00fcmerperspektive. Als langfristig orientierter Investor treffen wir Investitions- und Managemententscheidungen mit dem Anspruch, <strong>Substanz zu erhalten, Risiken zu steuern und Werte nachhaltig zu entwickeln<\/strong>.<\/p><p>Governance bedeutet f\u00fcr uns klare Zust\u00e4ndigkeiten, transparente Entscheidungsprozesse und pers\u00f6nliche Verantwortung der Gesch\u00e4ftsf\u00fchrung. Investitionsentscheidungen, Kapitalallokation und wesentliche operative Ma\u00dfnahmen unterliegen definierten internen Pr\u00fcf- und Entscheidungsstrukturen.<\/p><p>Nachhaltigkeit verstehen wir nicht als eigenst\u00e4ndiges Zielsystem, sondern als wirtschaftliche Notwendigkeit im Rahmen des langfristigen Werterhalts. Aspekte wie <strong>Energieeffizienz, Instandhaltungsqualit\u00e4t, regulatorische Konformit\u00e4t<\/strong> und ein verantwortungsvoller Umgang mit Ressourcen flie\u00dfen konsequent in unsere Investitions- und Bewirtschaftungsentscheidungen ein.<\/p><p>Unser Handeln ist auf <strong>langfristige Stabilit\u00e4t<\/strong> ausgerichtet \u2013 gegen\u00fcber Immobilien, Kapitalpartnern und weiteren Stakeholdern. Dabei verfolgen wir einen disziplinierten, nachvollziehbaren und risikoangemessenen Ansatz, unabh\u00e4ngig von Marktphase oder Investitionsvolumen.<\/p>\t\t\t\t\t\t<\/div>\n\t\t\t\t<\/div>\n\t\t\t\t\t<\/div>\n\t\t<\/div>\n\t\t\t\t\t\t\t<\/div>\n\t\t<\/section>\n\t\t\t\t<section class=\"elementor-section elementor-top-section elementor-element elementor-element-0af13a6 elementor-section-boxed elementor-section-height-default elementor-section-height-default\" data-id=\"0af13a6\" data-element_type=\"section\">\n\t\t\t\t\t\t<div class=\"elementor-container elementor-column-gap-default\">\n\t\t\t\t\t<div class=\"elementor-column elementor-col-100 elementor-top-column elementor-element elementor-element-ecfe3cc\" data-id=\"ecfe3cc\" data-element_type=\"column\">\n\t\t\t<div class=\"elementor-widget-wrap elementor-element-populated\">\n\t\t\t\t\t\t\t\t<div class=\"elementor-element elementor-element-fac1a03 elementor-invisible elementor-widget elementor-widget-heading\" data-id=\"fac1a03\" data-element_type=\"widget\" data-settings=\"{&quot;_animation&quot;:&quot;fadeInUp&quot;}\" data-widget_type=\"heading.default\">\n\t\t\t\t<div class=\"elementor-widget-container\">\n\t\t\t<h2 class=\"elementor-heading-title elementor-size-default\">Ankauf <\/h2>\t\t<\/div>\n\t\t\t\t<\/div>\n\t\t\t\t<div class=\"elementor-element elementor-element-e0ead9e elementor-widget-divider--view-line elementor-widget elementor-widget-divider\" data-id=\"e0ead9e\" data-element_type=\"widget\" data-widget_type=\"divider.default\">\n\t\t\t\t<div class=\"elementor-widget-container\">\n\t\t\t\t\t<div class=\"elementor-divider\">\n\t\t\t<span class=\"elementor-divider-separator\">\n\t\t\t\t\t\t<\/span>\n\t\t<\/div>\n\t\t\t\t<\/div>\n\t\t\t\t<\/div>\n\t\t\t\t<div class=\"elementor-element elementor-element-04c88a3 elementor-invisible elementor-widget elementor-widget-text-editor\" data-id=\"04c88a3\" data-element_type=\"widget\" data-settings=\"{&quot;_animation&quot;:&quot;fadeIn&quot;}\" data-widget_type=\"text-editor.default\">\n\t\t\t\t<div class=\"elementor-widget-container\">\n\t\t\t\t\t\t\t<p>Wir sind kontinuierlich auf der Suche nach geeigneten Investitionsm\u00f6glichkeiten und sch\u00e4tzen den direkten Austausch mit Eigent\u00fcmern, Tippgebern und beauftragten Maklern.<\/p>\t\t\t\t\t\t<\/div>\n\t\t\t\t<\/div>\n\t\t\t\t<div class=\"elementor-element elementor-element-8af7434 elementor-invisible elementor-widget elementor-widget-text-editor\" data-id=\"8af7434\" data-element_type=\"widget\" data-settings=\"{&quot;_animation&quot;:&quot;fadeIn&quot;}\" data-widget_type=\"text-editor.default\">\n\t\t\t\t<div class=\"elementor-widget-container\">\n\t\t\t\t\t\t\t<p>Unser aktuelles Akquisitionsprofil finden Sie <span style=\"color: #800000;\"><a style=\"color: #800000;\" href=\"https:\/\/uniresta.com\/de\/acquisition\/\">hier<\/a><\/span>.<\/p>\t\t\t\t\t\t<\/div>\n\t\t\t\t<\/div>\n\t\t\t\t\t<\/div>\n\t\t<\/div>\n\t\t\t\t\t\t\t<\/div>\n\t\t<\/section>\n\t\t\t\t\t\t\t<\/div>","protected":false},"excerpt":{"rendered":"<p>INVESTMENT PHILOSOPHY Unser Ansatz Uniresta agiert unabh\u00e4ngig und eigenkapitalorientiert. Unsere Investitionsentscheidungen folgen einer klaren Eigent\u00fcmerlogik und sind auf langfristige Wertschaffung ausgerichtet. Wir investieren in Immobilien mit stabilen oder stabilisierbaren Cashflows, bei denen Wert durch Struktur, aktives Management und Zeit entsteht. Ma\u00dfgeblich sind nachvollziehbare Annahmen, realistische Szenarien und ein disziplinierter Umgang mit Risiken. Unser Ansatz ist [&hellip;]<\/p>","protected":false},"author":1,"featured_media":0,"parent":0,"menu_order":0,"comment_status":"closed","ping_status":"closed","template":"elementor_header_footer","meta":{"_monsterinsights_skip_tracking":false,"_monsterinsights_sitenote_active":false,"_monsterinsights_sitenote_note":"","_monsterinsights_sitenote_category":0,"footnotes":""},"class_list":["post-1551","page","type-page","status-publish","hentry"],"yoast_head":"<!-- This site is optimized with the Yoast SEO plugin v24.6 - https:\/\/yoast.com\/wordpress\/plugins\/seo\/ -->\n<title>Investment Philosophy - Uniresta Capital Investors<\/title>\n<meta name=\"robots\" content=\"index, follow, max-snippet:-1, max-image-preview:large, max-video-preview:-1\" \/>\n<link rel=\"canonical\" href=\"https:\/\/uniresta.com\/de\/investment-philosophy\/\" \/>\n<meta property=\"og:locale\" content=\"de_DE\" \/>\n<meta property=\"og:type\" content=\"article\" \/>\n<meta property=\"og:title\" content=\"Investment Philosophy - Uniresta Capital Investors\" \/>\n<meta property=\"og:description\" content=\"INVESTMENT PHILOSOPHY Unser Ansatz Uniresta agiert unabh\u00e4ngig und eigenkapitalorientiert. Unsere Investitionsentscheidungen folgen einer klaren Eigent\u00fcmerlogik und sind auf langfristige Wertschaffung ausgerichtet. Wir investieren in Immobilien mit stabilen oder stabilisierbaren Cashflows, bei denen Wert durch Struktur, aktives Management und Zeit entsteht. Ma\u00dfgeblich sind nachvollziehbare Annahmen, realistische Szenarien und ein disziplinierter Umgang mit Risiken. Unser Ansatz ist [&hellip;]\" \/>\n<meta property=\"og:url\" content=\"https:\/\/uniresta.com\/de\/investment-philosophy\/\" \/>\n<meta property=\"og:site_name\" content=\"Uniresta Capital Investors\" \/>\n<meta property=\"article:modified_time\" content=\"2026-01-16T09:50:29+00:00\" \/>\n<meta name=\"twitter:card\" content=\"summary_large_image\" \/>\n<meta name=\"twitter:label1\" content=\"Gesch\u00e4tzte Lesezeit\" \/>\n\t<meta name=\"twitter:data1\" content=\"2\u00a0Minuten\" \/>\n<script type=\"application\/ld+json\" class=\"yoast-schema-graph\">{\"@context\":\"https:\/\/schema.org\",\"@graph\":[{\"@type\":\"WebPage\",\"@id\":\"https:\/\/uniresta.com\/investment-philosophy\/\",\"url\":\"https:\/\/uniresta.com\/investment-philosophy\/\",\"name\":\"Investment Philosophy - Uniresta Capital Investors\",\"isPartOf\":{\"@id\":\"https:\/\/uniresta.com\/#website\"},\"datePublished\":\"2021-10-24T07:45:31+00:00\",\"dateModified\":\"2026-01-16T09:50:29+00:00\",\"breadcrumb\":{\"@id\":\"https:\/\/uniresta.com\/investment-philosophy\/#breadcrumb\"},\"inLanguage\":\"de\",\"potentialAction\":[{\"@type\":\"ReadAction\",\"target\":[\"https:\/\/uniresta.com\/investment-philosophy\/\"]}]},{\"@type\":\"BreadcrumbList\",\"@id\":\"https:\/\/uniresta.com\/investment-philosophy\/#breadcrumb\",\"itemListElement\":[{\"@type\":\"ListItem\",\"position\":1,\"name\":\"Home\",\"item\":\"https:\/\/uniresta.com\/\"},{\"@type\":\"ListItem\",\"position\":2,\"name\":\"Investment Philosophy\"}]},{\"@type\":\"WebSite\",\"@id\":\"https:\/\/uniresta.com\/#website\",\"url\":\"https:\/\/uniresta.com\/\",\"name\":\"Uniresta Capital Investors\",\"description\":\"Immobilieninvestments mit Substanz, Struktur und Verantwortung\",\"publisher\":{\"@id\":\"https:\/\/uniresta.com\/#organization\"},\"potentialAction\":[{\"@type\":\"SearchAction\",\"target\":{\"@type\":\"EntryPoint\",\"urlTemplate\":\"https:\/\/uniresta.com\/?s={search_term_string}\"},\"query-input\":{\"@type\":\"PropertyValueSpecification\",\"valueRequired\":true,\"valueName\":\"search_term_string\"}}],\"inLanguage\":\"de\"},{\"@type\":\"Organization\",\"@id\":\"https:\/\/uniresta.com\/#organization\",\"name\":\"Uniresta Capital Investors\",\"url\":\"https:\/\/uniresta.com\/\",\"logo\":{\"@type\":\"ImageObject\",\"inLanguage\":\"de\",\"@id\":\"https:\/\/uniresta.com\/#\/schema\/logo\/image\/\",\"url\":\"https:\/\/uniresta.com\/wp-content\/uploads\/2021\/09\/Logo@2x.png\",\"contentUrl\":\"https:\/\/uniresta.com\/wp-content\/uploads\/2021\/09\/Logo@2x.png\",\"width\":839,\"height\":169,\"caption\":\"Uniresta Capital Investors\"},\"image\":{\"@id\":\"https:\/\/uniresta.com\/#\/schema\/logo\/image\/\"}}]}<\/script>\n<!-- \/ Yoast SEO plugin. -->","yoast_head_json":{"title":"Investment Philosophy - Uniresta Capital Investors","robots":{"index":"index","follow":"follow","max-snippet":"max-snippet:-1","max-image-preview":"max-image-preview:large","max-video-preview":"max-video-preview:-1"},"canonical":"https:\/\/uniresta.com\/de\/investment-philosophy\/","og_locale":"de_DE","og_type":"article","og_title":"Investment Philosophy - Uniresta Capital Investors","og_description":"INVESTMENT PHILOSOPHY Unser Ansatz Uniresta agiert unabh\u00e4ngig und eigenkapitalorientiert. Unsere Investitionsentscheidungen folgen einer klaren Eigent\u00fcmerlogik und sind auf langfristige Wertschaffung ausgerichtet. Wir investieren in Immobilien mit stabilen oder stabilisierbaren Cashflows, bei denen Wert durch Struktur, aktives Management und Zeit entsteht. Ma\u00dfgeblich sind nachvollziehbare Annahmen, realistische Szenarien und ein disziplinierter Umgang mit Risiken. Unser Ansatz ist [&hellip;]","og_url":"https:\/\/uniresta.com\/de\/investment-philosophy\/","og_site_name":"Uniresta Capital Investors","article_modified_time":"2026-01-16T09:50:29+00:00","twitter_card":"summary_large_image","twitter_misc":{"Gesch\u00e4tzte Lesezeit":"2\u00a0Minuten"},"schema":{"@context":"https:\/\/schema.org","@graph":[{"@type":"WebPage","@id":"https:\/\/uniresta.com\/investment-philosophy\/","url":"https:\/\/uniresta.com\/investment-philosophy\/","name":"Investment Philosophy - Uniresta Capital Investors","isPartOf":{"@id":"https:\/\/uniresta.com\/#website"},"datePublished":"2021-10-24T07:45:31+00:00","dateModified":"2026-01-16T09:50:29+00:00","breadcrumb":{"@id":"https:\/\/uniresta.com\/investment-philosophy\/#breadcrumb"},"inLanguage":"de","potentialAction":[{"@type":"ReadAction","target":["https:\/\/uniresta.com\/investment-philosophy\/"]}]},{"@type":"BreadcrumbList","@id":"https:\/\/uniresta.com\/investment-philosophy\/#breadcrumb","itemListElement":[{"@type":"ListItem","position":1,"name":"Home","item":"https:\/\/uniresta.com\/"},{"@type":"ListItem","position":2,"name":"Investment Philosophy"}]},{"@type":"WebSite","@id":"https:\/\/uniresta.com\/#website","url":"https:\/\/uniresta.com\/","name":"Uniresta Capital Investors","description":"Immobilieninvestments mit Substanz, Struktur und Verantwortung","publisher":{"@id":"https:\/\/uniresta.com\/#organization"},"potentialAction":[{"@type":"SearchAction","target":{"@type":"EntryPoint","urlTemplate":"https:\/\/uniresta.com\/?s={search_term_string}"},"query-input":{"@type":"PropertyValueSpecification","valueRequired":true,"valueName":"search_term_string"}}],"inLanguage":"de"},{"@type":"Organization","@id":"https:\/\/uniresta.com\/#organization","name":"Uniresta Capital Investors","url":"https:\/\/uniresta.com\/","logo":{"@type":"ImageObject","inLanguage":"de","@id":"https:\/\/uniresta.com\/#\/schema\/logo\/image\/","url":"https:\/\/uniresta.com\/wp-content\/uploads\/2021\/09\/Logo@2x.png","contentUrl":"https:\/\/uniresta.com\/wp-content\/uploads\/2021\/09\/Logo@2x.png","width":839,"height":169,"caption":"Uniresta Capital Investors"},"image":{"@id":"https:\/\/uniresta.com\/#\/schema\/logo\/image\/"}}]}},"_links":{"self":[{"href":"https:\/\/uniresta.com\/de\/wp-json\/wp\/v2\/pages\/1551","targetHints":{"allow":["GET"]}}],"collection":[{"href":"https:\/\/uniresta.com\/de\/wp-json\/wp\/v2\/pages"}],"about":[{"href":"https:\/\/uniresta.com\/de\/wp-json\/wp\/v2\/types\/page"}],"author":[{"embeddable":true,"href":"https:\/\/uniresta.com\/de\/wp-json\/wp\/v2\/users\/1"}],"replies":[{"embeddable":true,"href":"https:\/\/uniresta.com\/de\/wp-json\/wp\/v2\/comments?post=1551"}],"version-history":[{"count":10,"href":"https:\/\/uniresta.com\/de\/wp-json\/wp\/v2\/pages\/1551\/revisions"}],"predecessor-version":[{"id":3015,"href":"https:\/\/uniresta.com\/de\/wp-json\/wp\/v2\/pages\/1551\/revisions\/3015"}],"wp:attachment":[{"href":"https:\/\/uniresta.com\/de\/wp-json\/wp\/v2\/media?parent=1551"}],"curies":[{"name":"wp","href":"https:\/\/api.w.org\/{rel}","templated":true}]}}